{"id":1908,"date":"2024-01-26T19:57:14","date_gmt":"2024-01-26T18:57:14","guid":{"rendered":"https:\/\/thisisseon.com\/?page_id=1908"},"modified":"2025-11-25T11:57:21","modified_gmt":"2025-11-25T16:57:21","slug":"retreat","status":"publish","type":"page","link":"https:\/\/thisisseon.com\/de\/retreat\/","title":{"rendered":"Erleuchtung"},"content":{"rendered":"<div data-elementor-type=\"wp-page\" data-elementor-id=\"1908\" class=\"elementor elementor-1908\">\n\t\t\t\t\t\t\t<div class=\"elementor-element elementor-element-a8bc120 e-flex e-con-boxed e-con e-parent\" data-id=\"a8bc120\" data-element_type=\"container\" data-settings=\"{&quot;background_background&quot;:&quot;gradient&quot;,&quot;content_width&quot;:&quot;boxed&quot;}\" data-core-v316-plus=\"true\">\n\t\t\t\t\t<div class=\"e-con-inner\">\n\t\t\t\t\t<\/div>\n\t\t\t\t<\/div>\n\t\t<div class=\"elementor-element elementor-element-48b389b e-flex e-con-boxed e-con e-parent\" data-id=\"48b389b\" data-element_type=\"container\" data-settings=\"{&quot;content_width&quot;:&quot;boxed&quot;}\" data-core-v316-plus=\"true\">\n\t\t\t\t\t<div class=\"e-con-inner\">\n\t\t\t\t<div class=\"elementor-element elementor-element-27d4c5e elementor-widget elementor-widget-spacer\" data-id=\"27d4c5e\" data-element_type=\"widget\" data-widget_type=\"spacer.default\">\n\t\t\t\t<div class=\"elementor-widget-container\">\n\t\t\t<style>\/*! elementor - v3.18.0 - 20-12-2023 *\/\n.elementor-column .elementor-spacer-inner{height:var(--spacer-size)}.e-con{--container-widget-width:100%}.e-con-inner>.elementor-widget-spacer,.e-con>.elementor-widget-spacer{width:var(--container-widget-width,var(--spacer-size));--align-self:var(--container-widget-align-self,initial);--flex-shrink:0}.e-con-inner>.elementor-widget-spacer>.elementor-widget-container,.e-con>.elementor-widget-spacer>.elementor-widget-container{height:100%;width:100%}.e-con-inner>.elementor-widget-spacer>.elementor-widget-container>.elementor-spacer,.e-con>.elementor-widget-spacer>.elementor-widget-container>.elementor-spacer{height:100%}.e-con-inner>.elementor-widget-spacer>.elementor-widget-container>.elementor-spacer>.elementor-spacer-inner,.e-con>.elementor-widget-spacer>.elementor-widget-container>.elementor-spacer>.elementor-spacer-inner{height:var(--container-widget-height,var(--spacer-size))}.e-con-inner>.elementor-widget-spacer.elementor-widget-empty,.e-con>.elementor-widget-spacer.elementor-widget-empty{position:relative;min-height:22px;min-width:22px}.e-con-inner>.elementor-widget-spacer.elementor-widget-empty .elementor-widget-empty-icon,.e-con>.elementor-widget-spacer.elementor-widget-empty .elementor-widget-empty-icon{position:absolute;top:0;bottom:0;left:0;right:0;margin:auto;padding:0;width:22px;height:22px}<\/style>\t\t<div class=\"elementor-spacer\">\n\t\t\t<div class=\"elementor-spacer-inner\"><\/div>\n\t\t<\/div>\n\t\t\t\t<\/div>\n\t\t\t\t<\/div>\n\t\t\t\t\t<\/div>\n\t\t\t\t<\/div>\n\t\t<div class=\"elementor-element elementor-element-9d1de47 e-flex e-con-boxed e-con e-parent\" data-id=\"9d1de47\" data-element_type=\"container\" data-settings=\"{&quot;content_width&quot;:&quot;boxed&quot;}\" data-core-v316-plus=\"true\">\n\t\t\t\t\t<div class=\"e-con-inner\">\n\t\t<div class=\"elementor-element elementor-element-66172db e-con-full e-flex e-con e-child\" data-id=\"66172db\" data-element_type=\"container\" data-settings=\"{&quot;content_width&quot;:&quot;full&quot;}\">\n\t\t\t\t<div class=\"elementor-element elementor-element-a4a72e2 elementor-widget elementor-widget-image\" data-id=\"a4a72e2\" data-element_type=\"widget\" data-widget_type=\"image.default\">\n\t\t\t\t<div class=\"elementor-widget-container\">\n\t\t\t<style>\/*! elementor - v3.18.0 - 20-12-2023 *\/\n.elementor-widget-image{text-align:center}.elementor-widget-image a{display:inline-block}.elementor-widget-image a img[src$=\".svg\"]{width:48px}.elementor-widget-image img{vertical-align:middle;display:inline-block}<\/style>\t\t\t\t\t\t\t\t\t\t\t\t<img fetchpriority=\"high\" decoding=\"async\" width=\"683\" height=\"1024\" src=\"https:\/\/thisisseon.com\/wp-content\/uploads\/2024\/01\/jasper-benning-Tnk-ksP8Aqs-unsplash-683x1024.jpg\" class=\"attachment-large size-large wp-image-1975\" alt=\"\" srcset=\"https:\/\/thisisseon.com\/wp-content\/uploads\/2024\/01\/jasper-benning-Tnk-ksP8Aqs-unsplash-683x1024.jpg 683w, https:\/\/thisisseon.com\/wp-content\/uploads\/2024\/01\/jasper-benning-Tnk-ksP8Aqs-unsplash-200x300.jpg 200w, https:\/\/thisisseon.com\/wp-content\/uploads\/2024\/01\/jasper-benning-Tnk-ksP8Aqs-unsplash-768x1152.jpg 768w, https:\/\/thisisseon.com\/wp-content\/uploads\/2024\/01\/jasper-benning-Tnk-ksP8Aqs-unsplash-1024x1536.jpg 1024w, https:\/\/thisisseon.com\/wp-content\/uploads\/2024\/01\/jasper-benning-Tnk-ksP8Aqs-unsplash-1365x2048.jpg 1365w, https:\/\/thisisseon.com\/wp-content\/uploads\/2024\/01\/jasper-benning-Tnk-ksP8Aqs-unsplash-scaled.jpg 1707w\" sizes=\"(max-width: 683px) 100vw, 683px\" \/>\t\t\t\t\t\t\t\t\t\t\t\t\t\t\t<\/div>\n\t\t\t\t<\/div>\n\t\t\t\t<div class=\"elementor-element elementor-element-0dfc2c7 elementor-widget elementor-widget-spacer\" data-id=\"0dfc2c7\" data-element_type=\"widget\" data-widget_type=\"spacer.default\">\n\t\t\t\t<div class=\"elementor-widget-container\">\n\t\t\t\t\t<div class=\"elementor-spacer\">\n\t\t\t<div class=\"elementor-spacer-inner\"><\/div>\n\t\t<\/div>\n\t\t\t\t<\/div>\n\t\t\t\t<\/div>\n\t\t\t\t<\/div>\n\t\t\t\t<div class=\"elementor-element elementor-element-e631946 elementor-widget elementor-widget-spacer\" data-id=\"e631946\" data-element_type=\"widget\" data-widget_type=\"spacer.default\">\n\t\t\t\t<div class=\"elementor-widget-container\">\n\t\t\t\t\t<div class=\"elementor-spacer\">\n\t\t\t<div class=\"elementor-spacer-inner\"><\/div>\n\t\t<\/div>\n\t\t\t\t<\/div>\n\t\t\t\t<\/div>\n\t\t<div class=\"elementor-element elementor-element-d0a4e85 e-con-full e-flex e-con e-child\" data-id=\"d0a4e85\" data-element_type=\"container\" data-settings=\"{&quot;content_width&quot;:&quot;full&quot;}\">\n\t\t\t\t<div class=\"elementor-element elementor-element-327525c elementor-widget elementor-widget-heading\" data-id=\"327525c\" data-element_type=\"widget\" data-widget_type=\"heading.default\">\n\t\t\t\t<div class=\"elementor-widget-container\">\n\t\t\t<style>\/*! elementor - v3.18.0 - 20-12-2023 *\/\n.elementor-heading-title{padding:0;margin:0;line-height:1}.elementor-widget-heading .elementor-heading-title[class*=elementor-size-]>a{color:inherit;font-size:inherit;line-height:inherit}.elementor-widget-heading .elementor-heading-title.elementor-size-small{font-size:15px}.elementor-widget-heading .elementor-heading-title.elementor-size-medium{font-size:19px}.elementor-widget-heading .elementor-heading-title.elementor-size-large{font-size:29px}.elementor-widget-heading .elementor-heading-title.elementor-size-xl{font-size:39px}.elementor-widget-heading .elementor-heading-title.elementor-size-xxl{font-size:59px}<\/style><h2 class=\"elementor-heading-title elementor-size-default\">Buddhismus, Seon und Erleuchtung<\/h2>\t\t<\/div>\n\t\t\t\t<\/div>\n\t\t\t\t<div class=\"elementor-element elementor-element-552f671 elementor-widget elementor-widget-text-editor\" data-id=\"552f671\" data-element_type=\"widget\" data-widget_type=\"text-editor.default\">\n\t\t\t\t<div class=\"elementor-widget-container\">\n\t\t\t<style>\/*! elementor - v3.18.0 - 20-12-2023 *\/\n.elementor-widget-text-editor.elementor-drop-cap-view-stacked .elementor-drop-cap{background-color:#69727d;color:#fff}.elementor-widget-text-editor.elementor-drop-cap-view-framed .elementor-drop-cap{color:#69727d;border:3px solid;background-color:transparent}.elementor-widget-text-editor:not(.elementor-drop-cap-view-default) .elementor-drop-cap{margin-top:8px}.elementor-widget-text-editor:not(.elementor-drop-cap-view-default) .elementor-drop-cap-letter{width:1em;height:1em}.elementor-widget-text-editor .elementor-drop-cap{float:left;text-align:center;line-height:1;font-size:50px}.elementor-widget-text-editor .elementor-drop-cap-letter{display:inline-block}<\/style>\t\t\t\t<p>Erleuchtung war das Ziel Buddhas und ist auch das endg\u00fcltige Ziel des Buddhismus.<\/p><p>Vor und nach seiner Erleuchtung predigte Buddha ausschlie\u00dflich \u00fcber Erleuchtung, und das dauerte bis zu seinem Tod.<\/p><p>Es gibt keinen Weg zur Erleuchtung, denn wir alle tragen sie bereits in uns.<\/p><p>Aus diesem Grund l\u00e4sst sich Erleuchtung nicht mit Worten oder Schrift erkl\u00e4ren, sondern man bezeichnet Erleuchtung, die direkte Erfahrung im Leben oder die durch geheimnisvolle Andeutungen von Seon (Zen) best\u00e4tigte Erfahrung.<\/p><p>Nach dem Tode Buddhas wurde das Wort \u201eErleuchtung\u201c jedoch zu einem symbolischen Wort, und die Weisheitslehren des Buddha wurden teilweise verf\u00e4lscht und mit angeblich n\u00fctzlichen Anwendungen f\u00fcr das Leben gewandelt.<\/p><p>Auch ich bin seit meiner Jugend auf der Suche nach der Wahrheit um die Welt gereist und habe viele buddhistische Sch\u00fcler und ihre Lehrer getroffen.  Was mir teilweise begegnet ist waren irregeleitete Lehren, eine Mehrheit von unaufgekl\u00e4rte Lehrern, sogar ber\u00fchmte Lehrer, sie haben Erleuchtung als ein von ihnen selbst erfundenes Wort definiert, und mit ihren eigenen Ideen und eigene Weisheit weitergeben.\nSomit ist das Wort Erleuchtung zu einem Wort geworden, das gew\u00f6hnliche Menschen nicht einmal auszusprechen wagen.<\/p><p>Auf diese Weise entkommen sie entweder dem Bestreben nach Erleuchtung oder verschieben es auf das n\u00e4chste Leben und verbringen ihr ganzes Leben damit, sich einfach auf die Worte Buddhas zu verlassen, sie zu studieren, ihre eigenen Interpretationen hinzuzuf\u00fcgen, falsches Wissen zu erschaffen, B\u00fccher zu verkaufen, und sie leben, als w\u00e4ren sie erleuchtete Heilige mit dem Buddha als Hintergrund, und t\u00e4uschen die Welt und sogar sich selbst.<\/p><p>Seit jeher ist Seon (Zen) ein wirkungsvolles Rezept, um dieses \u00dcbel und falschen Meister auf einen Schlag zu entlarven, denn das ist die Essenz von Seon (Zen): unkomplizierte Lehre, unkomplizierte Verwirklichung.<\/p><p>Noch einmal: Buddhismus bedeutet \u201edie Religion der Erleuchtung\u201c und Buddha bedeutet \u201eder Erleuchtete\u201c.<\/p><p>Wie viel klarer m\u00fcssen wir es noch ausdr\u00fccken, was Buddha und Buddhismus ist?<\/p><p>Buddhismus ohne Erleuchtung ist kein Buddhismus, und jeder, der eine Buddha-Statue aufstellt und Menschen zusammenbringt, um \u00fcber etwas anderes als \u00fcber Erleuchtung zu sprechen, ist ein falscher Meister.<\/p><p>Die 2500-j\u00e4hrige Geschichte des Buddhismus und die Lebensgeschichte Buddhas k\u00f6nnen studiert und gelehrt werden, aber das Finden des wahren Selbst kann niemals durch Wissen verstanden werden, und Erleuchtung ist das Recht und die Mission eines jeden von uns.<\/p><p>Wenn also jemand, der an Buddha glaubt und nach seinem Vorbild lebt, von etwas anderem als der Erleuchtung spricht, verst\u00f6\u00dft gegen den Willen Buddhas, macht sich selbst und andere blind und behindert Erleuchtung.<\/p><p>Bitte verzeihen Sie mir, dass ich das Offensichtliche sage, obschon ich sicher bin, dass es viele M\u00f6nche und Menschen gibt, die bereits auf dem richtigen Weg zur Erleuchtung sind.<\/p>\t\t\t\t\t\t<\/div>\n\t\t\t\t<\/div>\n\t\t\t\t<\/div>\n\t\t\t\t\t<\/div>\n\t\t\t\t<\/div>\n\t\t<div class=\"elementor-element elementor-element-4a18769 e-flex e-con-boxed e-con e-parent\" data-id=\"4a18769\" data-element_type=\"container\" data-settings=\"{&quot;content_width&quot;:&quot;boxed&quot;}\" data-core-v316-plus=\"true\">\n\t\t\t\t\t<div class=\"e-con-inner\">\n\t\t\t\t<div class=\"elementor-element elementor-element-b5d7996 elementor-widget elementor-widget-spacer\" data-id=\"b5d7996\" data-element_type=\"widget\" data-widget_type=\"spacer.default\">\n\t\t\t\t<div class=\"elementor-widget-container\">\n\t\t\t\t\t<div class=\"elementor-spacer\">\n\t\t\t<div class=\"elementor-spacer-inner\"><\/div>\n\t\t<\/div>\n\t\t\t\t<\/div>\n\t\t\t\t<\/div>\n\t\t\t\t\t<\/div>\n\t\t\t\t<\/div>\n\t\t<div class=\"elementor-element elementor-element-508cade e-flex e-con-boxed e-con e-parent\" data-id=\"508cade\" data-element_type=\"container\" data-settings=\"{&quot;background_background&quot;:&quot;classic&quot;,&quot;content_width&quot;:&quot;boxed&quot;}\" data-core-v316-plus=\"true\">\n\t\t\t\t\t<div class=\"e-con-inner\">\n\t\t\t\t<div class=\"elementor-element elementor-element-f2ca329 elementor-widget elementor-widget-spacer\" data-id=\"f2ca329\" data-element_type=\"widget\" data-widget_type=\"spacer.default\">\n\t\t\t\t<div class=\"elementor-widget-container\">\n\t\t\t\t\t<div class=\"elementor-spacer\">\n\t\t\t<div class=\"elementor-spacer-inner\"><\/div>\n\t\t<\/div>\n\t\t\t\t<\/div>\n\t\t\t\t<\/div>\n\t\t\t\t<div class=\"elementor-element elementor-element-d051d9f elementor-widget elementor-widget-text-editor\" data-id=\"d051d9f\" data-element_type=\"widget\" data-widget_type=\"text-editor.default\">\n\t\t\t\t<div class=\"elementor-widget-container\">\n\t\t\t\t\t\t\t<p>Werde Mitglied und erhalte Zugang zu exklusiven monatlichen Inhalten.<\/p>\t\t\t\t\t\t<\/div>\n\t\t\t\t<\/div>\n\t\t\t\t<div class=\"elementor-element elementor-element-2461013 elementor-align-center elementor-widget__width-initial elementor-widget elementor-widget-button\" data-id=\"2461013\" data-element_type=\"widget\" data-widget_type=\"button.default\">\n\t\t\t\t<div class=\"elementor-widget-container\">\n\t\t\t\t\t<div class=\"elementor-button-wrapper\">\n\t\t\t<a class=\"elementor-button elementor-button-link elementor-size-lg elementor-animation-grow\" href=\"https:\/\/thisisseon.com\/de\/register\/\">\n\t\t\t\t\t\t<span class=\"elementor-button-content-wrapper\">\n\t\t\t\t\t\t<span class=\"elementor-button-text\">REGISTRIEREN<\/span>\n\t\t<\/span>\n\t\t\t\t\t<\/a>\n\t\t<\/div>\n\t\t\t\t<\/div>\n\t\t\t\t<\/div>\n\t\t\t\t<div class=\"elementor-element elementor-element-1170d9b elementor-widget elementor-widget-spacer\" data-id=\"1170d9b\" data-element_type=\"widget\" data-widget_type=\"spacer.default\">\n\t\t\t\t<div class=\"elementor-widget-container\">\n\t\t\t\t\t<div class=\"elementor-spacer\">\n\t\t\t<div class=\"elementor-spacer-inner\"><\/div>\n\t\t<\/div>\n\t\t\t\t<\/div>\n\t\t\t\t<\/div>\n\t\t\t\t\t<\/div>\n\t\t\t\t<\/div>\n\t\t\t\t\t\t\t<\/div>","protected":false},"excerpt":{"rendered":"<p>Buddhism, Seon &amp; Enlightenment Enlightenment was the goal of the Buddha, and it\u2019s also the ultimate goal of Buddhism. Before, and after his enlightenment, the Buddha preached solely for the purpose of enlightenment, and that continued until the day he died. There is no path to enlightenment, because we are all already enlightened. That\u2019s why [&hellip;]<\/p>","protected":false},"author":1,"featured_media":0,"parent":0,"menu_order":0,"comment_status":"closed","ping_status":"closed","template":"","meta":{"site-sidebar-layout":"no-sidebar","site-content-layout":"page-builder","ast-site-content-layout":"full-width-container","site-content-style":"default","site-sidebar-style":"default","ast-global-header-display":"","ast-banner-title-visibility":"","ast-main-header-display":"","ast-hfb-above-header-display":"","ast-hfb-below-header-display":"","ast-hfb-mobile-header-display":"","site-post-title":"disabled","ast-breadcrumbs-content":"","ast-featured-img":"disabled","footer-sml-layout":"","theme-transparent-header-meta":"","adv-header-id-meta":"","stick-header-meta":"","header-above-stick-meta":"","header-main-stick-meta":"","header-below-stick-meta":"","astra-migrate-meta-layouts":"set","ast-page-background-enabled":"default","ast-page-background-meta":{"desktop":{"background-color":"var(--ast-global-color-4)","background-image":"","background-repeat":"repeat","background-position":"center center","background-size":"auto","background-attachment":"scroll","background-type":"","background-media":"","overlay-type":"","overlay-color":"","overlay-gradient":""},"tablet":{"background-color":"","background-image":"","background-repeat":"repeat","background-position":"center center","background-size":"auto","background-attachment":"scroll","background-type":"","background-media":"","overlay-type":"","overlay-color":"","overlay-gradient":""},"mobile":{"background-color":"","background-image":"","background-repeat":"repeat","background-position":"center center","background-size":"auto","background-attachment":"scroll","background-type":"","background-media":"","overlay-type":"","overlay-color":"","overlay-gradient":""}},"ast-content-background-meta":{"desktop":{"background-color":"var(--ast-global-color-5)","background-image":"","background-repeat":"repeat","background-position":"center center","background-size":"auto","background-attachment":"scroll","background-type":"","background-media":"","overlay-type":"","overlay-color":"","overlay-gradient":""},"tablet":{"background-color":"var(--ast-global-color-5)","background-image":"","background-repeat":"repeat","background-position":"center center","background-size":"auto","background-attachment":"scroll","background-type":"","background-media":"","overlay-type":"","overlay-color":"","overlay-gradient":""},"mobile":{"background-color":"var(--ast-global-color-5)","background-image":"","background-repeat":"repeat","background-position":"center center","background-size":"auto","background-attachment":"scroll","background-type":"","background-media":"","overlay-type":"","overlay-color":"","overlay-gradient":""}},"footnotes":""},"class_list":["post-1908","page","type-page","status-publish","hentry"],"_links":{"self":[{"href":"https:\/\/thisisseon.com\/de\/wp-json\/wp\/v2\/pages\/1908","targetHints":{"allow":["GET"]}}],"collection":[{"href":"https:\/\/thisisseon.com\/de\/wp-json\/wp\/v2\/pages"}],"about":[{"href":"https:\/\/thisisseon.com\/de\/wp-json\/wp\/v2\/types\/page"}],"author":[{"embeddable":true,"href":"https:\/\/thisisseon.com\/de\/wp-json\/wp\/v2\/users\/1"}],"replies":[{"embeddable":true,"href":"https:\/\/thisisseon.com\/de\/wp-json\/wp\/v2\/comments?post=1908"}],"version-history":[{"count":10,"href":"https:\/\/thisisseon.com\/de\/wp-json\/wp\/v2\/pages\/1908\/revisions"}],"predecessor-version":[{"id":3783,"href":"https:\/\/thisisseon.com\/de\/wp-json\/wp\/v2\/pages\/1908\/revisions\/3783"}],"wp:attachment":[{"href":"https:\/\/thisisseon.com\/de\/wp-json\/wp\/v2\/media?parent=1908"}],"curies":[{"name":"wp","href":"https:\/\/api.w.org\/{rel}","templated":true}]}}