{"id":1949,"date":"2024-01-26T21:23:16","date_gmt":"2024-01-26T20:23:16","guid":{"rendered":"https:\/\/thisisseon.com\/?page_id=1949"},"modified":"2025-11-25T02:43:42","modified_gmt":"2025-11-25T07:43:42","slug":"dharmatalk","status":"publish","type":"page","link":"https:\/\/thisisseon.com\/de\/dharmatalk\/","title":{"rendered":"Dharmatalk"},"content":{"rendered":"<div data-elementor-type=\"wp-page\" data-elementor-id=\"1949\" class=\"elementor elementor-1949\">\n\t\t\t\t\t\t\t<div class=\"elementor-element elementor-element-241c1f3 e-flex e-con-boxed e-con e-parent\" data-id=\"241c1f3\" data-element_type=\"container\" data-settings=\"{&quot;background_background&quot;:&quot;gradient&quot;,&quot;content_width&quot;:&quot;boxed&quot;}\" data-core-v316-plus=\"true\">\n\t\t\t\t\t<div class=\"e-con-inner\">\n\t\t\t\t\t<\/div>\n\t\t\t\t<\/div>\n\t\t<div class=\"elementor-element elementor-element-48b78ec e-flex e-con-boxed e-con e-parent\" data-id=\"48b78ec\" data-element_type=\"container\" data-settings=\"{&quot;content_width&quot;:&quot;boxed&quot;}\" data-core-v316-plus=\"true\">\n\t\t\t\t\t<div class=\"e-con-inner\">\n\t\t\t\t<div class=\"elementor-element elementor-element-5ce6100 elementor-widget elementor-widget-spacer\" data-id=\"5ce6100\" data-element_type=\"widget\" data-widget_type=\"spacer.default\">\n\t\t\t\t<div class=\"elementor-widget-container\">\n\t\t\t<style>\/*! elementor - v3.18.0 - 20-12-2023 *\/\n.elementor-column .elementor-spacer-inner{height:var(--spacer-size)}.e-con{--container-widget-width:100%}.e-con-inner>.elementor-widget-spacer,.e-con>.elementor-widget-spacer{width:var(--container-widget-width,var(--spacer-size));--align-self:var(--container-widget-align-self,initial);--flex-shrink:0}.e-con-inner>.elementor-widget-spacer>.elementor-widget-container,.e-con>.elementor-widget-spacer>.elementor-widget-container{height:100%;width:100%}.e-con-inner>.elementor-widget-spacer>.elementor-widget-container>.elementor-spacer,.e-con>.elementor-widget-spacer>.elementor-widget-container>.elementor-spacer{height:100%}.e-con-inner>.elementor-widget-spacer>.elementor-widget-container>.elementor-spacer>.elementor-spacer-inner,.e-con>.elementor-widget-spacer>.elementor-widget-container>.elementor-spacer>.elementor-spacer-inner{height:var(--container-widget-height,var(--spacer-size))}.e-con-inner>.elementor-widget-spacer.elementor-widget-empty,.e-con>.elementor-widget-spacer.elementor-widget-empty{position:relative;min-height:22px;min-width:22px}.e-con-inner>.elementor-widget-spacer.elementor-widget-empty .elementor-widget-empty-icon,.e-con>.elementor-widget-spacer.elementor-widget-empty .elementor-widget-empty-icon{position:absolute;top:0;bottom:0;left:0;right:0;margin:auto;padding:0;width:22px;height:22px}<\/style>\t\t<div class=\"elementor-spacer\">\n\t\t\t<div class=\"elementor-spacer-inner\"><\/div>\n\t\t<\/div>\n\t\t\t\t<\/div>\n\t\t\t\t<\/div>\n\t\t\t\t\t<\/div>\n\t\t\t\t<\/div>\n\t\t<div class=\"elementor-element elementor-element-c7ee410 e-flex e-con-boxed e-con e-parent\" data-id=\"c7ee410\" data-element_type=\"container\" data-settings=\"{&quot;content_width&quot;:&quot;boxed&quot;}\" data-core-v316-plus=\"true\">\n\t\t\t\t\t<div class=\"e-con-inner\">\n\t\t<div class=\"elementor-element elementor-element-0911847 e-con-full e-flex e-con e-child\" data-id=\"0911847\" data-element_type=\"container\" data-settings=\"{&quot;content_width&quot;:&quot;full&quot;}\">\n\t\t\t\t<div class=\"elementor-element elementor-element-e66af3a elementor-widget elementor-widget-heading\" data-id=\"e66af3a\" data-element_type=\"widget\" data-widget_type=\"heading.default\">\n\t\t\t\t<div class=\"elementor-widget-container\">\n\t\t\t<style>\/*! elementor - v3.18.0 - 20-12-2023 *\/\n.elementor-heading-title{padding:0;margin:0;line-height:1}.elementor-widget-heading .elementor-heading-title[class*=elementor-size-]>a{color:inherit;font-size:inherit;line-height:inherit}.elementor-widget-heading .elementor-heading-title.elementor-size-small{font-size:15px}.elementor-widget-heading .elementor-heading-title.elementor-size-medium{font-size:19px}.elementor-widget-heading .elementor-heading-title.elementor-size-large{font-size:29px}.elementor-widget-heading .elementor-heading-title.elementor-size-xl{font-size:39px}.elementor-widget-heading .elementor-heading-title.elementor-size-xxl{font-size:59px}<\/style><h2 class=\"elementor-heading-title elementor-size-default\">Dharmatalk<\/h2>\t\t<\/div>\n\t\t\t\t<\/div>\n\t\t\t\t<div class=\"elementor-element elementor-element-02a0a35 elementor-widget elementor-widget-text-editor\" data-id=\"02a0a35\" data-element_type=\"widget\" data-widget_type=\"text-editor.default\">\n\t\t\t\t<div class=\"elementor-widget-container\">\n\t\t\t<style>\/*! elementor - v3.18.0 - 20-12-2023 *\/\n.elementor-widget-text-editor.elementor-drop-cap-view-stacked .elementor-drop-cap{background-color:#69727d;color:#fff}.elementor-widget-text-editor.elementor-drop-cap-view-framed .elementor-drop-cap{color:#69727d;border:3px solid;background-color:transparent}.elementor-widget-text-editor:not(.elementor-drop-cap-view-default) .elementor-drop-cap{margin-top:8px}.elementor-widget-text-editor:not(.elementor-drop-cap-view-default) .elementor-drop-cap-letter{width:1em;height:1em}.elementor-widget-text-editor .elementor-drop-cap{float:left;text-align:center;line-height:1;font-size:50px}.elementor-widget-text-editor .elementor-drop-cap-letter{display:inline-block}<\/style>\t\t\t\t<p>In den Augen der Gesellschaft bin ich ein ganz normaler Mann mittleren Alters, wie man ihn \u00fcberall auf der Welt finden kann.<\/p><p>In der koreanischen buddhistischen Tradition wird diese Art von Person 'Gersa' genannt.<\/p><p>Ein kleiner Funke von einem Jungen in Indien vor 2500 Jahren wurde an den Dharma-Meister weitergegeben, und von dort aus begann die Geschichte des Seon, die \u00fcber sechs Seon-Ahnenlehrer bis zum letzten Seon-Ahnenlehrer (Sechster Patriarch Hui-neng) reichte, der seinen eigenen Namen nicht benutzen durfte und auf den man herabschaute, der die Hinweise auf die Erleuchtung, die wie buddhistische Tempelgeheimnisse \u00fcberliefert worden waren, nicht in Schrift und Rede, sondern direkt durch Dharmatalk weitergab, so dass sie, wie die Prophezeiung des Dharmameisters, nicht auf eine Religion beschr\u00e4nkt war, sondern in unserem gew\u00f6hnlichen Leben Fr\u00fcchte trug.<\/p><p>Wie ich in der Einleitung erw\u00e4hnt habe, bedeutet das Wort \"Gersa\" w\u00f6rtlich einen Laien, der die Erleuchtung des Buddha studiert, nicht einen buddhistischen M\u00f6nch.<\/p><p>In der Geschichte des Seon haben \"Gersa\" eine wichtige Rolle in der Entwicklung des Seon gespielt, da sie gew\u00f6hnliche Menschen waren, die die Erleuchtung des Buddha zuf\u00e4llig erkannten und den Dharma an alle in der Welt verbreiteten, einschlie\u00dflich buddhistischer M\u00f6nche.<\/p><p>Die Geheimnisse, die auf diese Weise weitergegeben wurden, sind so einfach und allt\u00e4glich, dass man nicht mit ihnen prahlen kann, aber sie wurden durch die falschen Lehren unerleuchteter Menschen verzerrt, und die Erleuchtung wurde als etwas tabuisiert, das nicht leicht zu erlangen ist.<\/p><p>Aber gl\u00fccklicherweise wurde die Tradition von Seon, direkt auf den Punkt zu kommen und sofort zu erkennen, weitergef\u00fchrt.<\/p><p>Dharma Talk ist kein Ort der Gelehrsamkeit, an dem wir das Wissen erlangen, das wir zum Leben brauchen.<\/p><p>Es geht nur darum, Erleuchtung zu zeigen und darauf hinzuweisen, nicht zu lehren, nicht zu wissen und zu verstehen, sondern zu verwirklichen.<\/p><p>Es gibt zwei Hauptwege auf denen Dharma-Talk funktioniert.<\/p><p>Die eine ist, zu sagen \"es gibt\", was die Vorstellung von \"es gibt nicht\" zerst\u00f6rt.<\/p><p>Die andere besteht darin, \"nein\" zur Idee des \"ist\" zu sagen, so dass sie nicht an einem der beiden Orte bleiben kann.<\/p><p>Nur wenn du dir immer dar\u00fcber im Klaren bist, warum du dem Dharma-Gespr\u00e4ch zuh\u00f6rst, wirst du den Mond (die Essenz) sehen, auf den ich zeige.<\/p><p>Wenn du nur meinen Worten (Fingern) folgst, wirst du nur meine Finger sehen, und daf\u00fcr gibt es keinen Grund.<\/p><p>Wenn der Wunsch nach Verwirklichung von selbst aufkommt, empfehle ich, Dharma-Vortr\u00e4ge mindestens sechs Monate bis zu einem Jahr lang zu h\u00f6ren, grunds\u00e4tzlich mit einem klaren Geist und ohne Fragen.<\/p><p>Aber wenn Sie in der Zwischenzeit eine Frage haben, die Sie nicht unbeantwortet lassen k\u00f6nnen, k\u00f6nnen Sie sie immer wieder stellen und sie so verfeinern, dass sie pr\u00e4gnant und klar ist, und mir eine E-Mail schicken.<\/p><p>Wie ich eingangs erw\u00e4hnte, werden beim Dharma-Talk Worte als Kommunikationsmittel verwendet, aber niemand redet - es geht nur um Erleuchtung, und ich kann Ihnen sagen, dass die Worte, die Sie im Dharmatalk h\u00f6ren, wie ein Wecker sind, der Sie aufweckt.<\/p><p>Traditionelle koreanische Dharma-Gespr\u00e4che beginnen mit dem Klang eines Bambusstocks und enden auch mit diesem Klang.<\/p><p>Der Klang des Bambusstocks unterscheidet sich nicht von meinem Klang, und der Klang des Buddhas unterscheidet sich nicht von allen Kl\u00e4ngen der Welt.<\/p><p>Deshalb wird das \u00fcberlegene Wissen und die Eloquenz der Rede des Seon-Meisters ihm helfen, viele Menschen anzuziehen, die es verstehen und nach Wissen suchen, aber es wird nicht zum endg\u00fcltigen Ziel der Erleuchtung f\u00fchren.<\/p><p>Wissen, das von au\u00dfen kommt, kann nicht dein eigenes sein, und Weisheit (Erleuchtung) ist etwas, das von Anfang an in dir existiert, nicht etwas, das erworben werden kann, also ist der erste Schritt, dein wahres Selbst zu finden und nicht dem Wissen anderer hinterherzujagen.<\/p><p>In der Seon-Tradition gibt es eine Lehrmethode, die \"Bang und Hal\" genannt wird, wobei sich \"Bang\" auf das Schlagen mit einem Stock und \"Hal\" auf das Schreien (sajahu) bezieht, was bedeutet, dass man jedes Mittel einsetzt, um diejenigen, die durch falsche Lehren oder Ideen und Vorurteile f\u00fcr die Wahrheit blind sind, klar auf das Ziel (die Erleuchtung) hinzuweisen.<\/p><p>W\u00e4hrend des Dharma-Vortrags des Seon-Meisters (Nim) k\u00f6nnen manchmal unerwartete Ausdr\u00fccke oder Verhaltensweisen vorkommen, wie z.B. Situationen, denen wir im t\u00e4glichen Leben nur mit uns nahestehenden Menschen begegnen k\u00f6nnen, aber nicht in einem formellen Rahmen, aber sie werden ohne Zweideutigkeit durch die geradlinige Tradition des Zen ausgedr\u00fcckt, also h\u00f6ren Sie bitte ohne Missverst\u00e4ndnisse zu und nehmen Sie die Worte des Seon-Meisters nicht auf die leichte Schulter, um die Essenz des Dharma-Vortrags zu tr\u00fcben.<\/p><p>Wahres Dharma-Gespr\u00e4ch sind nicht nur die Kl\u00e4nge, die mit Luft aus meinem Mund kommen, sondern alle Kl\u00e4nge der Welt.<\/p><p>Wenn der Tag kommt, an dem du in der Lage bist, alle Kl\u00e4nge der Welt zu h\u00f6ren, sogar die, die keine Kl\u00e4nge sind, dann wirst du wahre gro\u00dfe Freiheit genie\u00dfen, nicht nur von mir, sondern auch von den Worten des Buddha.<\/p>\t\t\t\t\t\t<\/div>\n\t\t\t\t<\/div>\n\t\t\t\t<\/div>\n\t\t\t\t<div class=\"elementor-element elementor-element-9bfb530 elementor-widget elementor-widget-spacer\" data-id=\"9bfb530\" data-element_type=\"widget\" data-widget_type=\"spacer.default\">\n\t\t\t\t<div class=\"elementor-widget-container\">\n\t\t\t\t\t<div class=\"elementor-spacer\">\n\t\t\t<div class=\"elementor-spacer-inner\"><\/div>\n\t\t<\/div>\n\t\t\t\t<\/div>\n\t\t\t\t<\/div>\n\t\t<div class=\"elementor-element elementor-element-f36863c e-con-full e-flex e-con e-child\" data-id=\"f36863c\" data-element_type=\"container\" data-settings=\"{&quot;content_width&quot;:&quot;full&quot;}\">\n\t\t\t\t<div class=\"elementor-element elementor-element-707d3dd elementor-widget__width-initial elementor-widget elementor-widget-image\" data-id=\"707d3dd\" data-element_type=\"widget\" data-widget_type=\"image.default\">\n\t\t\t\t<div class=\"elementor-widget-container\">\n\t\t\t<style>\/*! elementor - v3.18.0 - 20-12-2023 *\/\n.elementor-widget-image{text-align:center}.elementor-widget-image a{display:inline-block}.elementor-widget-image a img[src$=\".svg\"]{width:48px}.elementor-widget-image img{vertical-align:middle;display:inline-block}<\/style>\t\t\t\t\t\t\t\t\t\t\t\t<img fetchpriority=\"high\" decoding=\"async\" width=\"576\" height=\"1024\" src=\"https:\/\/thisisseon.com\/wp-content\/uploads\/2024\/01\/nick-nice-ve-R7PCjJDk-unsplash-576x1024.jpg\" class=\"attachment-large size-large wp-image-2010\" alt=\"\" srcset=\"https:\/\/thisisseon.com\/wp-content\/uploads\/2024\/01\/nick-nice-ve-R7PCjJDk-unsplash-576x1024.jpg 576w, https:\/\/thisisseon.com\/wp-content\/uploads\/2024\/01\/nick-nice-ve-R7PCjJDk-unsplash-169x300.jpg 169w, https:\/\/thisisseon.com\/wp-content\/uploads\/2024\/01\/nick-nice-ve-R7PCjJDk-unsplash-768x1365.jpg 768w, https:\/\/thisisseon.com\/wp-content\/uploads\/2024\/01\/nick-nice-ve-R7PCjJDk-unsplash-864x1536.jpg 864w, https:\/\/thisisseon.com\/wp-content\/uploads\/2024\/01\/nick-nice-ve-R7PCjJDk-unsplash-1152x2048.jpg 1152w, https:\/\/thisisseon.com\/wp-content\/uploads\/2024\/01\/nick-nice-ve-R7PCjJDk-unsplash-scaled.jpg 1440w\" sizes=\"(max-width: 576px) 100vw, 576px\" \/>\t\t\t\t\t\t\t\t\t\t\t\t\t\t\t<\/div>\n\t\t\t\t<\/div>\n\t\t\t\t<\/div>\n\t\t\t\t<div class=\"elementor-element elementor-element-f7c90b8 elementor-widget elementor-widget-spacer\" data-id=\"f7c90b8\" data-element_type=\"widget\" data-widget_type=\"spacer.default\">\n\t\t\t\t<div class=\"elementor-widget-container\">\n\t\t\t\t\t<div class=\"elementor-spacer\">\n\t\t\t<div class=\"elementor-spacer-inner\"><\/div>\n\t\t<\/div>\n\t\t\t\t<\/div>\n\t\t\t\t<\/div>\n\t\t\t\t\t<\/div>\n\t\t\t\t<\/div>\n\t\t<div class=\"elementor-element elementor-element-2c7c1af e-flex e-con-boxed e-con e-parent\" data-id=\"2c7c1af\" data-element_type=\"container\" data-settings=\"{&quot;content_width&quot;:&quot;boxed&quot;}\" data-core-v316-plus=\"true\">\n\t\t\t\t\t<div class=\"e-con-inner\">\n\t\t\t\t<div class=\"elementor-element elementor-element-c19b1d2 elementor-widget elementor-widget-spacer\" data-id=\"c19b1d2\" data-element_type=\"widget\" data-widget_type=\"spacer.default\">\n\t\t\t\t<div class=\"elementor-widget-container\">\n\t\t\t\t\t<div class=\"elementor-spacer\">\n\t\t\t<div class=\"elementor-spacer-inner\"><\/div>\n\t\t<\/div>\n\t\t\t\t<\/div>\n\t\t\t\t<\/div>\n\t\t\t\t\t<\/div>\n\t\t\t\t<\/div>\n\t\t<div class=\"elementor-element elementor-element-ba2f360 e-flex e-con-boxed e-con e-parent\" data-id=\"ba2f360\" data-element_type=\"container\" data-settings=\"{&quot;background_background&quot;:&quot;classic&quot;,&quot;content_width&quot;:&quot;boxed&quot;}\" data-core-v316-plus=\"true\">\n\t\t\t\t\t<div class=\"e-con-inner\">\n\t\t\t\t<div class=\"elementor-element elementor-element-bf88d46 elementor-widget elementor-widget-spacer\" data-id=\"bf88d46\" data-element_type=\"widget\" data-widget_type=\"spacer.default\">\n\t\t\t\t<div class=\"elementor-widget-container\">\n\t\t\t\t\t<div class=\"elementor-spacer\">\n\t\t\t<div class=\"elementor-spacer-inner\"><\/div>\n\t\t<\/div>\n\t\t\t\t<\/div>\n\t\t\t\t<\/div>\n\t\t\t\t<div class=\"elementor-element elementor-element-dd632fb elementor-widget elementor-widget-text-editor\" data-id=\"dd632fb\" data-element_type=\"widget\" data-widget_type=\"text-editor.default\">\n\t\t\t\t<div class=\"elementor-widget-container\">\n\t\t\t\t\t\t\t<p>Werde Mitglied und erhalte Zugang zu exklusiven monatlichen Inhalten.<\/p>\t\t\t\t\t\t<\/div>\n\t\t\t\t<\/div>\n\t\t\t\t<div class=\"elementor-element elementor-element-94ba67e elementor-align-center elementor-widget__width-initial elementor-widget elementor-widget-button\" data-id=\"94ba67e\" data-element_type=\"widget\" data-widget_type=\"button.default\">\n\t\t\t\t<div class=\"elementor-widget-container\">\n\t\t\t\t\t<div class=\"elementor-button-wrapper\">\n\t\t\t<a class=\"elementor-button elementor-button-link elementor-size-lg elementor-animation-grow\" href=\"https:\/\/thisisseon.com\/de\/register\/\">\n\t\t\t\t\t\t<span class=\"elementor-button-content-wrapper\">\n\t\t\t\t\t\t<span class=\"elementor-button-text\">REGISTRIEREN<\/span>\n\t\t<\/span>\n\t\t\t\t\t<\/a>\n\t\t<\/div>\n\t\t\t\t<\/div>\n\t\t\t\t<\/div>\n\t\t\t\t<div class=\"elementor-element elementor-element-c6c8671 elementor-widget elementor-widget-spacer\" data-id=\"c6c8671\" data-element_type=\"widget\" data-widget_type=\"spacer.default\">\n\t\t\t\t<div class=\"elementor-widget-container\">\n\t\t\t\t\t<div class=\"elementor-spacer\">\n\t\t\t<div class=\"elementor-spacer-inner\"><\/div>\n\t\t<\/div>\n\t\t\t\t<\/div>\n\t\t\t\t<\/div>\n\t\t\t\t\t<\/div>\n\t\t\t\t<\/div>\n\t\t\t\t\t\t\t<\/div>","protected":false},"excerpt":{"rendered":"<p>Dharmatalk In the eyes of society, I\u2019m just an ordinary middle-aged guy you can find anywhere in the world. In the Korean Buddhist tradition, this kind of person is called a &#8220;Gersa&#8221;. A small spark from a boy in India 2500 years ago was passed on to the Dharma Master, and from there, the history [&hellip;]<\/p>","protected":false},"author":1,"featured_media":0,"parent":0,"menu_order":0,"comment_status":"closed","ping_status":"closed","template":"","meta":{"site-sidebar-layout":"no-sidebar","site-content-layout":"page-builder","ast-site-content-layout":"full-width-container","site-content-style":"default","site-sidebar-style":"default","ast-global-header-display":"","ast-banner-title-visibility":"","ast-main-header-display":"","ast-hfb-above-header-display":"","ast-hfb-below-header-display":"","ast-hfb-mobile-header-display":"","site-post-title":"disabled","ast-breadcrumbs-content":"","ast-featured-img":"disabled","footer-sml-layout":"","theme-transparent-header-meta":"","adv-header-id-meta":"","stick-header-meta":"","header-above-stick-meta":"","header-main-stick-meta":"","header-below-stick-meta":"","astra-migrate-meta-layouts":"set","ast-page-background-enabled":"default","ast-page-background-meta":{"desktop":{"background-color":"var(--ast-global-color-4)","background-image":"","background-repeat":"repeat","background-position":"center center","background-size":"auto","background-attachment":"scroll","background-type":"","background-media":"","overlay-type":"","overlay-color":"","overlay-gradient":""},"tablet":{"background-color":"","background-image":"","background-repeat":"repeat","background-position":"center center","background-size":"auto","background-attachment":"scroll","background-type":"","background-media":"","overlay-type":"","overlay-color":"","overlay-gradient":""},"mobile":{"background-color":"","background-image":"","background-repeat":"repeat","background-position":"center center","background-size":"auto","background-attachment":"scroll","background-type":"","background-media":"","overlay-type":"","overlay-color":"","overlay-gradient":""}},"ast-content-background-meta":{"desktop":{"background-color":"var(--ast-global-color-5)","background-image":"","background-repeat":"repeat","background-position":"center center","background-size":"auto","background-attachment":"scroll","background-type":"","background-media":"","overlay-type":"","overlay-color":"","overlay-gradient":""},"tablet":{"background-color":"var(--ast-global-color-5)","background-image":"","background-repeat":"repeat","background-position":"center center","background-size":"auto","background-attachment":"scroll","background-type":"","background-media":"","overlay-type":"","overlay-color":"","overlay-gradient":""},"mobile":{"background-color":"var(--ast-global-color-5)","background-image":"","background-repeat":"repeat","background-position":"center center","background-size":"auto","background-attachment":"scroll","background-type":"","background-media":"","overlay-type":"","overlay-color":"","overlay-gradient":""}},"footnotes":""},"class_list":["post-1949","page","type-page","status-publish","hentry"],"_links":{"self":[{"href":"https:\/\/thisisseon.com\/de\/wp-json\/wp\/v2\/pages\/1949","targetHints":{"allow":["GET"]}}],"collection":[{"href":"https:\/\/thisisseon.com\/de\/wp-json\/wp\/v2\/pages"}],"about":[{"href":"https:\/\/thisisseon.com\/de\/wp-json\/wp\/v2\/types\/page"}],"author":[{"embeddable":true,"href":"https:\/\/thisisseon.com\/de\/wp-json\/wp\/v2\/users\/1"}],"replies":[{"embeddable":true,"href":"https:\/\/thisisseon.com\/de\/wp-json\/wp\/v2\/comments?post=1949"}],"version-history":[{"count":10,"href":"https:\/\/thisisseon.com\/de\/wp-json\/wp\/v2\/pages\/1949\/revisions"}],"predecessor-version":[{"id":3757,"href":"https:\/\/thisisseon.com\/de\/wp-json\/wp\/v2\/pages\/1949\/revisions\/3757"}],"wp:attachment":[{"href":"https:\/\/thisisseon.com\/de\/wp-json\/wp\/v2\/media?parent=1949"}],"curies":[{"name":"wp","href":"https:\/\/api.w.org\/{rel}","templated":true}]}}