{"id":1953,"date":"2024-01-26T21:24:42","date_gmt":"2024-01-26T20:24:42","guid":{"rendered":"https:\/\/thisisseon.com\/?page_id=1953"},"modified":"2026-01-11T23:49:47","modified_gmt":"2026-01-12T04:49:47","slug":"about-nim","status":"publish","type":"page","link":"https:\/\/thisisseon.com\/de\/about-nim\/","title":{"rendered":"\u00dcber Nim"},"content":{"rendered":"<div data-elementor-type=\"wp-page\" data-elementor-id=\"1953\" class=\"elementor elementor-1953\">\n\t\t\t\t\t\t\t<div class=\"elementor-element elementor-element-beb1783 e-flex e-con-boxed e-con e-parent\" data-id=\"beb1783\" data-element_type=\"container\" data-settings=\"{&quot;background_background&quot;:&quot;gradient&quot;,&quot;content_width&quot;:&quot;boxed&quot;}\" data-core-v316-plus=\"true\">\n\t\t\t\t\t<div class=\"e-con-inner\">\n\t\t\t\t\t<\/div>\n\t\t\t\t<\/div>\n\t\t<div class=\"elementor-element elementor-element-946b780 e-flex e-con-boxed e-con e-parent\" data-id=\"946b780\" data-element_type=\"container\" data-settings=\"{&quot;content_width&quot;:&quot;boxed&quot;}\" data-core-v316-plus=\"true\">\n\t\t\t\t\t<div class=\"e-con-inner\">\n\t\t\t\t<div class=\"elementor-element elementor-element-7fad970 elementor-widget elementor-widget-spacer\" data-id=\"7fad970\" data-element_type=\"widget\" data-widget_type=\"spacer.default\">\n\t\t\t\t<div class=\"elementor-widget-container\">\n\t\t\t<style>\/*! elementor - v3.18.0 - 20-12-2023 *\/\n.elementor-column .elementor-spacer-inner{height:var(--spacer-size)}.e-con{--container-widget-width:100%}.e-con-inner>.elementor-widget-spacer,.e-con>.elementor-widget-spacer{width:var(--container-widget-width,var(--spacer-size));--align-self:var(--container-widget-align-self,initial);--flex-shrink:0}.e-con-inner>.elementor-widget-spacer>.elementor-widget-container,.e-con>.elementor-widget-spacer>.elementor-widget-container{height:100%;width:100%}.e-con-inner>.elementor-widget-spacer>.elementor-widget-container>.elementor-spacer,.e-con>.elementor-widget-spacer>.elementor-widget-container>.elementor-spacer{height:100%}.e-con-inner>.elementor-widget-spacer>.elementor-widget-container>.elementor-spacer>.elementor-spacer-inner,.e-con>.elementor-widget-spacer>.elementor-widget-container>.elementor-spacer>.elementor-spacer-inner{height:var(--container-widget-height,var(--spacer-size))}.e-con-inner>.elementor-widget-spacer.elementor-widget-empty,.e-con>.elementor-widget-spacer.elementor-widget-empty{position:relative;min-height:22px;min-width:22px}.e-con-inner>.elementor-widget-spacer.elementor-widget-empty .elementor-widget-empty-icon,.e-con>.elementor-widget-spacer.elementor-widget-empty .elementor-widget-empty-icon{position:absolute;top:0;bottom:0;left:0;right:0;margin:auto;padding:0;width:22px;height:22px}<\/style>\t\t<div class=\"elementor-spacer\">\n\t\t\t<div class=\"elementor-spacer-inner\"><\/div>\n\t\t<\/div>\n\t\t\t\t<\/div>\n\t\t\t\t<\/div>\n\t\t\t\t\t<\/div>\n\t\t\t\t<\/div>\n\t\t<div class=\"elementor-element elementor-element-3536077 e-flex e-con-boxed e-con e-parent\" data-id=\"3536077\" data-element_type=\"container\" data-settings=\"{&quot;content_width&quot;:&quot;boxed&quot;}\" data-core-v316-plus=\"true\">\n\t\t\t\t\t<div class=\"e-con-inner\">\n\t\t<div class=\"elementor-element elementor-element-bdd8eab e-con-full e-flex e-con e-child\" data-id=\"bdd8eab\" data-element_type=\"container\" data-settings=\"{&quot;content_width&quot;:&quot;full&quot;}\">\n\t\t\t\t<div class=\"elementor-element elementor-element-f59995f elementor-widget elementor-widget-image\" data-id=\"f59995f\" data-element_type=\"widget\" data-widget_type=\"image.default\">\n\t\t\t\t<div class=\"elementor-widget-container\">\n\t\t\t<style>\/*! elementor - v3.18.0 - 20-12-2023 *\/\n.elementor-widget-image{text-align:center}.elementor-widget-image a{display:inline-block}.elementor-widget-image a img[src$=\".svg\"]{width:48px}.elementor-widget-image img{vertical-align:middle;display:inline-block}<\/style>\t\t\t\t\t\t\t\t\t\t\t\t<img fetchpriority=\"high\" decoding=\"async\" width=\"1024\" height=\"986\" src=\"https:\/\/thisisseon.com\/wp-content\/uploads\/2026\/01\/Nim-1024x986.jpg\" class=\"attachment-large size-large wp-image-3879\" alt=\"\" srcset=\"https:\/\/thisisseon.com\/wp-content\/uploads\/2026\/01\/Nim-1024x986.jpg 1024w, https:\/\/thisisseon.com\/wp-content\/uploads\/2026\/01\/Nim-300x289.jpg 300w, https:\/\/thisisseon.com\/wp-content\/uploads\/2026\/01\/Nim-768x739.jpg 768w, https:\/\/thisisseon.com\/wp-content\/uploads\/2026\/01\/Nim-12x12.jpg 12w, https:\/\/thisisseon.com\/wp-content\/uploads\/2026\/01\/Nim-rotated.jpg 1229w\" sizes=\"(max-width: 1024px) 100vw, 1024px\" \/>\t\t\t\t\t\t\t\t\t\t\t\t\t\t\t<\/div>\n\t\t\t\t<\/div>\n\t\t\t\t<\/div>\n\t\t\t\t<div class=\"elementor-element elementor-element-33927f8 elementor-widget elementor-widget-spacer\" data-id=\"33927f8\" data-element_type=\"widget\" data-widget_type=\"spacer.default\">\n\t\t\t\t<div class=\"elementor-widget-container\">\n\t\t\t\t\t<div class=\"elementor-spacer\">\n\t\t\t<div class=\"elementor-spacer-inner\"><\/div>\n\t\t<\/div>\n\t\t\t\t<\/div>\n\t\t\t\t<\/div>\n\t\t<div class=\"elementor-element elementor-element-1984bd2 e-con-full e-flex e-con e-child\" data-id=\"1984bd2\" data-element_type=\"container\" data-settings=\"{&quot;content_width&quot;:&quot;full&quot;}\">\n\t\t\t\t<div class=\"elementor-element elementor-element-0a5c93f elementor-widget elementor-widget-heading\" data-id=\"0a5c93f\" data-element_type=\"widget\" data-widget_type=\"heading.default\">\n\t\t\t\t<div class=\"elementor-widget-container\">\n\t\t\t<style>\/*! elementor - v3.18.0 - 20-12-2023 *\/\n.elementor-heading-title{padding:0;margin:0;line-height:1}.elementor-widget-heading .elementor-heading-title[class*=elementor-size-]>a{color:inherit;font-size:inherit;line-height:inherit}.elementor-widget-heading .elementor-heading-title.elementor-size-small{font-size:15px}.elementor-widget-heading .elementor-heading-title.elementor-size-medium{font-size:19px}.elementor-widget-heading .elementor-heading-title.elementor-size-large{font-size:29px}.elementor-widget-heading .elementor-heading-title.elementor-size-xl{font-size:39px}.elementor-widget-heading .elementor-heading-title.elementor-size-xxl{font-size:59px}<\/style><h2 class=\"elementor-heading-title elementor-size-default\">Seon Master Nim<\/h2>\t\t<\/div>\n\t\t\t\t<\/div>\n\t\t\t\t<div class=\"elementor-element elementor-element-bde1b37 elementor-widget elementor-widget-text-editor\" data-id=\"bde1b37\" data-element_type=\"widget\" data-widget_type=\"text-editor.default\">\n\t\t\t\t<div class=\"elementor-widget-container\">\n\t\t\t<style>\/*! elementor - v3.18.0 - 20-12-2023 *\/\n.elementor-widget-text-editor.elementor-drop-cap-view-stacked .elementor-drop-cap{background-color:#69727d;color:#fff}.elementor-widget-text-editor.elementor-drop-cap-view-framed .elementor-drop-cap{color:#69727d;border:3px solid;background-color:transparent}.elementor-widget-text-editor:not(.elementor-drop-cap-view-default) .elementor-drop-cap{margin-top:8px}.elementor-widget-text-editor:not(.elementor-drop-cap-view-default) .elementor-drop-cap-letter{width:1em;height:1em}.elementor-widget-text-editor .elementor-drop-cap{float:left;text-align:center;line-height:1;font-size:50px}.elementor-widget-text-editor .elementor-drop-cap-letter{display:inline-block}<\/style>\t\t\t\t<p>Das wahre Ich \u00e4ndert sich nie, und ich bin es nicht, der sich \u00e4ndert.<\/p><p>Es gibt also nur ein unver\u00e4nderliches Prinzip in der Welt, und das ist, dass sie sich \"ver\u00e4ndert\".<\/p><p>Der wichtigste Punkt hier ist nicht, dass es sich \"ver\u00e4ndert\", sondern dass es das \"einzige Prinzip\" ist, und das ist unsere unver\u00e4nderliche Natur, die Erleuchtung.<\/p><p>Unsere K\u00f6rper und unser Leben ver\u00e4ndern sich im Laufe der Zeit, und wir denken, dass wir etwas mit ihnen erreicht haben, und wir leben unser Leben in dem Glauben, dass unsere K\u00f6rper bis zum Ende unseres Lebens wir sind, und dann erreichen unsere K\u00f6rper eines Tages das Ende ihrer Lebensspanne und wir sterben, und dann sterben wir mit ihnen.<\/p><p>Das erinnert mich an die Torheit des K\u00f6nigs eines Landes, der seinen K\u00f6rper f\u00fcr das Einzige hielt, was er besa\u00df, und als er starb, wollte er seine vielen Untertanen und Besitzt\u00fcmer in seinem Grab begraben, damit er das ewige Leben genie\u00dfen konnte.<\/p><p>In unserem normalen Leben, in dem wir fest daran glauben, dass unser K\u00f6rper wir selbst sind, wollen wir die Geschichte des K\u00f6rpers des anderen kennen, so wie wir, wenn wir im Supermarkt eine Salami kaufen, wissen wollen, wann sie hergestellt wurde, usw.<\/p><p>Wenn du mich fragst, was meine wahre Natur ist, halte ich einen Finger hoch, und wenn du mich wieder fragst, sage ich laut \"das\".<\/p><p>Das soll dir zeigen, dass meine Natur und die deine nicht verschieden sind, so wie Wasser auf Wasser zu gie\u00dfen, um eins statt zwei zu werden, so dass die Antwort auf deine Frage eins ist.<\/p><p>Wenn Sie sich jedoch f\u00fcr meinen K\u00f6rper und seine Geschichte interessieren, werde ich Ihnen eine kurze Einf\u00fchrung geben.<\/p><p>Ich wei\u00df nicht genau, warum ich auf diesen K\u00f6rper gesto\u00dfen bin oder was mich dazu bewogen hat, ihn herzustellen, aber ich wei\u00df, dass das Herstellungsland Seoul, S\u00fcdkorea, und das Herstellungsjahr 1970 ist, was mir meine Eltern gesagt haben.<\/p><p>Ich wei\u00df nicht mehr genau, wie ich zum ersten Mal von der Verwendung dieses K\u00f6rpers erfahren habe.<\/p><p>Aber genau wie bei der ersten Begegnung mit einem Auto gew\u00f6hnte ich mich im Laufe der Zeit allm\u00e4hlich daran, und mit der Verbesserung entwickelte ich allm\u00e4hlich pr\u00e4zise Sinne wie die Navigation und tr\u00e4umte von der Zukunft, und die Funktionen des K\u00f6rpers wurden immer besser, so dass ich, als ich 18 Jahre alt war, dem Fluss des Lebens entsprechend ein Filmstar wurde, und ich studierte im Ausland in Japan und machte die Erfahrung und dachte, dass die Welt weit ist.<\/p><p>Ellipse...<\/p><p>Aber an einem bestimmten Punkt in meinem Leben wurde mir klar, dass ich an diesem K\u00f6rper h\u00e4nge, der nicht mein wahres Ich ist, obwohl ich ihn in meiner N\u00e4he habe und ihn entsprechend meiner Verbindungen benutze, wie mein Haus, mein Auto, und ich wei\u00df nicht einmal, woher er kommt oder wohin er geht, und ich fing an, an den Dingen zu zweifeln, von denen ich dachte, dass sie mein ganzes Leben lang ich waren, also ging ich auf den Pfad des Seon (Zen)-Studiums, um mein wahres Ich zu finden.<\/p><p>...Ellipse...<\/p><p>Um in die Fu\u00dfstapfen des Begr\u00fcnders des Zen (Dharma-Meister) zu treten, reiste ich im Winter 1994 zum Shaolin-Tempel in China, wo ich viele M\u00f6nche und Freunde traf, aber nie meinem wahren Lehrer begegnete, und verbrachte viele Stunden in Zazen an dem Ort, an dem sich der Bodih-Dharma aufhielt.<\/p><p>Dann traf ich Rainer Deyhel aus Deutschland in Shaolin, und wir wurden eingeschworene Br\u00fcder, und er er\u00f6ffnete den Deutschen Shaolin Tempel in Berlin in den fr\u00fchen 2000er Jahren, und ich lehrte dort Zazen und lebte als 'Zen-Meister ohne Erleuchtung', aber eines Tages lernte der Deutsche Shaolin Tempel, der eine europ\u00e4ische Lizenz hatte, die teure Lektion, dass 'Buddhismus ohne Erleuchtung kein Buddhismus ist', und schloss schlie\u00dflich seine T\u00fcren, und wir beide verlie\u00dfen Deutschland in Richtung Kambodscha und lie\u00dfen alle Erinnerungen zur\u00fcck.<\/p><p>...Ellipse...<\/p><p>Ich praktizierte lange Zeit, wie die meisten Praktizierenden, auf eine vage und selbstgef\u00e4llige Art und Weise und dachte, dass ich eines Tages die Erkenntnis erlangen w\u00fcrde, aber ich l\u00f6ste nie die Frage 'wer bin ich' und wanderte, wie es das Schicksal wollte, in Hongkong, Thailand, Kambodscha und anderen L\u00e4ndern umher, bevor ich 2014 endg\u00fcltig nach Korea zur\u00fcckkehrte.<\/p><p>...Ellipse...<\/p><p>Im Winter 2015 stie\u00df er auf ein Buch eines 90-j\u00e4hrigen Koreaners mit dem Titel \"Even the Buddha Can't Go There\", das zum Katalysator f\u00fcr die Erleuchtung wurde, und ich verbrachte die n\u00e4chsten sechs Monate damit, seinen Lehren Tag und Nacht zuzuh\u00f6ren, sogar im Schlaf, ohne die Kopfh\u00f6rer abzunehmen.<\/p><p>Dann, eines Tages, machte ich die Erfahrung, dass alles um mich herum zusammenbrach, mich selbst eingeschlossen, mit dem ganz gew\u00f6hnlichen und banalen Ger\u00e4usch von Holz, das vor meinem Haus klopfte - ein \"Moment\", der nicht in Zeit gemessen werden kann, aber er kl\u00e4rte die Natur nicht nur von mir, sondern von allem in der Welt, und alle Fragen, die mich besch\u00e4ftigt hatten, wurden in einem einzigen Moment ausgel\u00f6scht.<\/p><p>Mit Hilfe der koreanischen Seon (Zen)-Meister, die mich durch diese befreiende Erfahrung f\u00fchrten, wurde ich noch klarer und lebe seitdem ein Leben, in dem ich wertvolle Erfahrungen mit denen teile und best\u00e4tige, die sich mit mir verbinden.<\/p><p>Ich w\u00fcrde sagen, dass die Erleuchtung des Buddha oder die Erleuchtung irgendeines gro\u00dfen Mannes nur die Erfahrung einer anderen Person ist, also lassen Sie sich nicht von Geschichten t\u00e4uschen, sondern \u00fcberpr\u00fcfen Sie es selbst.<\/p><p>Letztendlich spreche ich nur \u00fcber \"dies\" und nichts anderes.<\/p>\t\t\t\t\t\t<\/div>\n\t\t\t\t<\/div>\n\t\t\t\t<\/div>\n\t\t\t\t\t<\/div>\n\t\t\t\t<\/div>\n\t\t<div class=\"elementor-element elementor-element-25315f9 e-flex e-con-boxed e-con e-parent\" data-id=\"25315f9\" data-element_type=\"container\" data-settings=\"{&quot;content_width&quot;:&quot;boxed&quot;}\" data-core-v316-plus=\"true\">\n\t\t\t\t\t<div class=\"e-con-inner\">\n\t\t\t\t<div class=\"elementor-element elementor-element-d131856 elementor-widget elementor-widget-spacer\" data-id=\"d131856\" data-element_type=\"widget\" data-widget_type=\"spacer.default\">\n\t\t\t\t<div class=\"elementor-widget-container\">\n\t\t\t\t\t<div class=\"elementor-spacer\">\n\t\t\t<div class=\"elementor-spacer-inner\"><\/div>\n\t\t<\/div>\n\t\t\t\t<\/div>\n\t\t\t\t<\/div>\n\t\t\t\t\t<\/div>\n\t\t\t\t<\/div>\n\t\t<div class=\"elementor-element elementor-element-946f669 e-flex e-con-boxed e-con e-parent\" data-id=\"946f669\" data-element_type=\"container\" data-settings=\"{&quot;background_background&quot;:&quot;classic&quot;,&quot;content_width&quot;:&quot;boxed&quot;}\" data-core-v316-plus=\"true\">\n\t\t\t\t\t<div class=\"e-con-inner\">\n\t\t\t\t<div class=\"elementor-element elementor-element-a666e15 elementor-widget elementor-widget-spacer\" data-id=\"a666e15\" data-element_type=\"widget\" data-widget_type=\"spacer.default\">\n\t\t\t\t<div class=\"elementor-widget-container\">\n\t\t\t\t\t<div class=\"elementor-spacer\">\n\t\t\t<div class=\"elementor-spacer-inner\"><\/div>\n\t\t<\/div>\n\t\t\t\t<\/div>\n\t\t\t\t<\/div>\n\t\t\t\t<div class=\"elementor-element elementor-element-62e700a elementor-widget elementor-widget-text-editor\" data-id=\"62e700a\" data-element_type=\"widget\" data-widget_type=\"text-editor.default\">\n\t\t\t\t<div class=\"elementor-widget-container\">\n\t\t\t\t\t\t\t<p>Werde Mitglied und erhalte Zugang zu exklusiven monatlichen Inhalten.<\/p>\t\t\t\t\t\t<\/div>\n\t\t\t\t<\/div>\n\t\t\t\t<div class=\"elementor-element elementor-element-a9fc86d elementor-align-center elementor-widget__width-initial elementor-widget elementor-widget-button\" data-id=\"a9fc86d\" data-element_type=\"widget\" data-widget_type=\"button.default\">\n\t\t\t\t<div class=\"elementor-widget-container\">\n\t\t\t\t\t<div class=\"elementor-button-wrapper\">\n\t\t\t<a class=\"elementor-button elementor-button-link elementor-size-lg elementor-animation-grow\" href=\"https:\/\/thisisseon.com\/de\/register\/\">\n\t\t\t\t\t\t<span class=\"elementor-button-content-wrapper\">\n\t\t\t\t\t\t<span class=\"elementor-button-text\">REGISTRIEREN<\/span>\n\t\t<\/span>\n\t\t\t\t\t<\/a>\n\t\t<\/div>\n\t\t\t\t<\/div>\n\t\t\t\t<\/div>\n\t\t\t\t<div class=\"elementor-element elementor-element-47d71f1 elementor-widget elementor-widget-spacer\" data-id=\"47d71f1\" data-element_type=\"widget\" data-widget_type=\"spacer.default\">\n\t\t\t\t<div class=\"elementor-widget-container\">\n\t\t\t\t\t<div class=\"elementor-spacer\">\n\t\t\t<div class=\"elementor-spacer-inner\"><\/div>\n\t\t<\/div>\n\t\t\t\t<\/div>\n\t\t\t\t<\/div>\n\t\t\t\t\t<\/div>\n\t\t\t\t<\/div>\n\t\t\t\t\t\t\t<\/div>","protected":false},"excerpt":{"rendered":"<p>Seon Master Nim The true me is never changes, and it is not me that changes. So there is only one unchanging principle in the world, and that is that it \u2018changes\u2019. The most important point here is not that it \u2018changes\u2019, it is that it is the \u2018only principle\u2019 and that is our unchanging [&hellip;]<\/p>","protected":false},"author":1,"featured_media":0,"parent":0,"menu_order":0,"comment_status":"closed","ping_status":"closed","template":"","meta":{"site-sidebar-layout":"no-sidebar","site-content-layout":"page-builder","ast-site-content-layout":"full-width-container","site-content-style":"default","site-sidebar-style":"default","ast-global-header-display":"","ast-banner-title-visibility":"","ast-main-header-display":"","ast-hfb-above-header-display":"","ast-hfb-below-header-display":"","ast-hfb-mobile-header-display":"","site-post-title":"disabled","ast-breadcrumbs-content":"","ast-featured-img":"disabled","footer-sml-layout":"","theme-transparent-header-meta":"","adv-header-id-meta":"","stick-header-meta":"","header-above-stick-meta":"","header-main-stick-meta":"","header-below-stick-meta":"","astra-migrate-meta-layouts":"set","ast-page-background-enabled":"default","ast-page-background-meta":{"desktop":{"background-color":"var(--ast-global-color-4)","background-image":"","background-repeat":"repeat","background-position":"center center","background-size":"auto","background-attachment":"scroll","background-type":"","background-media":"","overlay-type":"","overlay-color":"","overlay-gradient":""},"tablet":{"background-color":"","background-image":"","background-repeat":"repeat","background-position":"center center","background-size":"auto","background-attachment":"scroll","background-type":"","background-media":"","overlay-type":"","overlay-color":"","overlay-gradient":""},"mobile":{"background-color":"","background-image":"","background-repeat":"repeat","background-position":"center center","background-size":"auto","background-attachment":"scroll","background-type":"","background-media":"","overlay-type":"","overlay-color":"","overlay-gradient":""}},"ast-content-background-meta":{"desktop":{"background-color":"var(--ast-global-color-5)","background-image":"","background-repeat":"repeat","background-position":"center center","background-size":"auto","background-attachment":"scroll","background-type":"","background-media":"","overlay-type":"","overlay-color":"","overlay-gradient":""},"tablet":{"background-color":"var(--ast-global-color-5)","background-image":"","background-repeat":"repeat","background-position":"center center","background-size":"auto","background-attachment":"scroll","background-type":"","background-media":"","overlay-type":"","overlay-color":"","overlay-gradient":""},"mobile":{"background-color":"var(--ast-global-color-5)","background-image":"","background-repeat":"repeat","background-position":"center center","background-size":"auto","background-attachment":"scroll","background-type":"","background-media":"","overlay-type":"","overlay-color":"","overlay-gradient":""}},"footnotes":""},"class_list":["post-1953","page","type-page","status-publish","hentry"],"_links":{"self":[{"href":"https:\/\/thisisseon.com\/de\/wp-json\/wp\/v2\/pages\/1953","targetHints":{"allow":["GET"]}}],"collection":[{"href":"https:\/\/thisisseon.com\/de\/wp-json\/wp\/v2\/pages"}],"about":[{"href":"https:\/\/thisisseon.com\/de\/wp-json\/wp\/v2\/types\/page"}],"author":[{"embeddable":true,"href":"https:\/\/thisisseon.com\/de\/wp-json\/wp\/v2\/users\/1"}],"replies":[{"embeddable":true,"href":"https:\/\/thisisseon.com\/de\/wp-json\/wp\/v2\/comments?post=1953"}],"version-history":[{"count":10,"href":"https:\/\/thisisseon.com\/de\/wp-json\/wp\/v2\/pages\/1953\/revisions"}],"predecessor-version":[{"id":3885,"href":"https:\/\/thisisseon.com\/de\/wp-json\/wp\/v2\/pages\/1953\/revisions\/3885"}],"wp:attachment":[{"href":"https:\/\/thisisseon.com\/de\/wp-json\/wp\/v2\/media?parent=1953"}],"curies":[{"name":"wp","href":"https:\/\/api.w.org\/{rel}","templated":true}]}}