{"id":2538,"date":"2024-02-23T10:50:37","date_gmt":"2024-02-23T15:50:37","guid":{"rendered":"https:\/\/thisisseon.com\/?page_id=2538"},"modified":"2024-02-26T10:38:02","modified_gmt":"2024-02-26T15:38:02","slug":"enlightenment","status":"publish","type":"page","link":"https:\/\/thisisseon.com\/de\/enlightenment\/","title":{"rendered":"Der Weg"},"content":{"rendered":"<div data-elementor-type=\"wp-page\" data-elementor-id=\"2538\" class=\"elementor elementor-2538\">\n\t\t\t\t\t\t\t<div class=\"elementor-element elementor-element-9799290 e-flex e-con-boxed e-con e-parent\" data-id=\"9799290\" data-element_type=\"container\" data-settings=\"{&quot;background_background&quot;:&quot;gradient&quot;,&quot;content_width&quot;:&quot;boxed&quot;}\" data-core-v316-plus=\"true\">\n\t\t\t\t\t<div class=\"e-con-inner\">\n\t\t\t\t\t<\/div>\n\t\t\t\t<\/div>\n\t\t<div class=\"elementor-element elementor-element-c3a6ad8 e-flex e-con-boxed e-con e-parent\" data-id=\"c3a6ad8\" data-element_type=\"container\" data-settings=\"{&quot;content_width&quot;:&quot;boxed&quot;}\" data-core-v316-plus=\"true\">\n\t\t\t\t\t<div class=\"e-con-inner\">\n\t\t\t\t<div class=\"elementor-element elementor-element-3308780 elementor-widget elementor-widget-spacer\" data-id=\"3308780\" data-element_type=\"widget\" data-widget_type=\"spacer.default\">\n\t\t\t\t<div class=\"elementor-widget-container\">\n\t\t\t<style>\/*! elementor - v3.18.0 - 20-12-2023 *\/\n.elementor-column .elementor-spacer-inner{height:var(--spacer-size)}.e-con{--container-widget-width:100%}.e-con-inner>.elementor-widget-spacer,.e-con>.elementor-widget-spacer{width:var(--container-widget-width,var(--spacer-size));--align-self:var(--container-widget-align-self,initial);--flex-shrink:0}.e-con-inner>.elementor-widget-spacer>.elementor-widget-container,.e-con>.elementor-widget-spacer>.elementor-widget-container{height:100%;width:100%}.e-con-inner>.elementor-widget-spacer>.elementor-widget-container>.elementor-spacer,.e-con>.elementor-widget-spacer>.elementor-widget-container>.elementor-spacer{height:100%}.e-con-inner>.elementor-widget-spacer>.elementor-widget-container>.elementor-spacer>.elementor-spacer-inner,.e-con>.elementor-widget-spacer>.elementor-widget-container>.elementor-spacer>.elementor-spacer-inner{height:var(--container-widget-height,var(--spacer-size))}.e-con-inner>.elementor-widget-spacer.elementor-widget-empty,.e-con>.elementor-widget-spacer.elementor-widget-empty{position:relative;min-height:22px;min-width:22px}.e-con-inner>.elementor-widget-spacer.elementor-widget-empty .elementor-widget-empty-icon,.e-con>.elementor-widget-spacer.elementor-widget-empty .elementor-widget-empty-icon{position:absolute;top:0;bottom:0;left:0;right:0;margin:auto;padding:0;width:22px;height:22px}<\/style>\t\t<div class=\"elementor-spacer\">\n\t\t\t<div class=\"elementor-spacer-inner\"><\/div>\n\t\t<\/div>\n\t\t\t\t<\/div>\n\t\t\t\t<\/div>\n\t\t\t\t<div class=\"elementor-element elementor-element-a6a0fc9 elementor-widget__width-initial elementor-widget elementor-widget-heading\" data-id=\"a6a0fc9\" data-element_type=\"widget\" data-widget_type=\"heading.default\">\n\t\t\t\t<div class=\"elementor-widget-container\">\n\t\t\t<style>\/*! elementor - v3.18.0 - 20-12-2023 *\/\n.elementor-heading-title{padding:0;margin:0;line-height:1}.elementor-widget-heading .elementor-heading-title[class*=elementor-size-]>a{color:inherit;font-size:inherit;line-height:inherit}.elementor-widget-heading .elementor-heading-title.elementor-size-small{font-size:15px}.elementor-widget-heading .elementor-heading-title.elementor-size-medium{font-size:19px}.elementor-widget-heading .elementor-heading-title.elementor-size-large{font-size:29px}.elementor-widget-heading .elementor-heading-title.elementor-size-xl{font-size:39px}.elementor-widget-heading .elementor-heading-title.elementor-size-xxl{font-size:59px}<\/style><h3 class=\"elementor-heading-title elementor-size-default\">Der Weg<\/h3>\t\t<\/div>\n\t\t\t\t<\/div>\n\t\t\t\t<div class=\"elementor-element elementor-element-4e8329a elementor-widget__width-initial elementor-widget elementor-widget-heading\" data-id=\"4e8329a\" data-element_type=\"widget\" data-widget_type=\"heading.default\">\n\t\t\t\t<div class=\"elementor-widget-container\">\n\t\t\t<h1 class=\"elementor-heading-title elementor-size-small\">Der Weg ist, dass es keinen Weg gibt<\/h1>\t\t<\/div>\n\t\t\t\t<\/div>\n\t\t\t\t<div class=\"elementor-element elementor-element-75eba7f elementor-widget__width-initial elementor-widget elementor-widget-text-editor\" data-id=\"75eba7f\" data-element_type=\"widget\" data-widget_type=\"text-editor.default\">\n\t\t\t\t<div class=\"elementor-widget-container\">\n\t\t\t<style>\/*! elementor - v3.18.0 - 20-12-2023 *\/\n.elementor-widget-text-editor.elementor-drop-cap-view-stacked .elementor-drop-cap{background-color:#69727d;color:#fff}.elementor-widget-text-editor.elementor-drop-cap-view-framed .elementor-drop-cap{color:#69727d;border:3px solid;background-color:transparent}.elementor-widget-text-editor:not(.elementor-drop-cap-view-default) .elementor-drop-cap{margin-top:8px}.elementor-widget-text-editor:not(.elementor-drop-cap-view-default) .elementor-drop-cap-letter{width:1em;height:1em}.elementor-widget-text-editor .elementor-drop-cap{float:left;text-align:center;line-height:1;font-size:50px}.elementor-widget-text-editor .elementor-drop-cap-letter{display:inline-block}<\/style>\t\t\t\t<p>Erleuchtung ist so offensichtlich und einfach, es sind die Menschen, die glauben sich ihr auf eine schwierige und tiefgr\u00fcndige Weise n\u00e4hern zu m\u00fcssen.<br \/>Selbst diejenigen, die nachdem sie Erwacht sind, nicht den richtigen Weg einschlagen, k\u00f6nnen viele Jahre damit verbringen, sich in Zweifeln zu verlieren.<\/p><p>Ich sage oft, dass was auch immer man verwirklichen will, zu 100%, ohne 0,01% Zweifel darauf vertrauen muss.<br \/>Wenn alles \"eins\" ist, auch du eins geworden bist, dann ist es unm\u00f6glich, einen Gedanken heraufzubeschw\u00f6ren, der etwas anderes als EINS-SEIN ist.<\/p><p>Nehmen wir ein Beispiel: wenn die ganze Welt \"himmelblau\" ist, dann kann es keine andere Farbe geben, es gibt nicht einmal das Wort \"himmelblau\", geschweige denn eine andere Farbe.<\/p><p>Im Erwachen selbst ist nichts wahrnehmbar, weshalb viele Menschen, die diese Erfahrung gemacht haben es so beschreiben, dass sie eine gewisse \"Leere\" erfahren haben.<\/p><p>Wenn wir also einen Ball als Beispiel nehmen, w\u00fcrden wir sagen, dass er von einem Ort kommt, an dem wir nicht einmal einen K\u00f6rper haben.<br \/>Aber dieses Verst\u00e4ndnis ist nur Wissen, Erfahrung nicht Weisheit.<\/p><p>Es gibt keine Stufen von Erleuchtung. Jemand, der f\u00fcnf Minuten lang einem Dharma-Vortrag zugeh\u00f6rt hat, oder jemand, der 50 Jahre lang zugeh\u00f6rt hat, steht auf der gleichen Ausgangslinie, solange er nicht erleuchtet ist.<\/p><p>Deshalb sagen wir: das Wichtigste ist, Erleuchtung zu erfahren! Es ist wichtig, einen Lehrer zu finden, der einen auf den richtigen Weg f\u00fchrt und begleitet, sowie die richtigen Dharma-Vortr\u00e4ge zu h\u00f6ren, bevor und nachdem man erwacht ist.<\/p><p>Das bedeutet nicht, dass man vor oder nach der Erleuchtung etwas anderes tun muss.<br \/>Der Unterschied im Zuh\u00f6ren der Dharmavortr\u00e4ge, wenn es denn einen gibt, besteht darin, dass bevor man Erleuchtung erfahren hat Dharmavortr\u00e4gen zuh\u00f6ren sollte, bis man pl\u00f6tzlich sieht, dass all die Dinge, von denen man glaubte, dass sie real existieren, in Wahrheit anders sind. Nachdem man Erwacht ist, sollte man den Dharmavortr\u00e4gen zuh\u00f6ren, bis man vollkommene Klarheit erlangt hat, einschlie\u00dflich \u00fcber die Dinge, die noch sichtbar, h\u00f6rbar und in der Welt pr\u00e4sent sind.<\/p><p>Diese subtilen Worte der Wahrheit, die gleich und doch verschieden, verschieden und doch gleich zu sein scheinen, sind nicht das Objekt des Studiums von unerleuchteten buddhistischen M\u00f6nchen und Gelehrten, ihre vergeblichen Bem\u00fchungen, diese durch Nachforschungen zu entdecken und sie zu Instrumenten des Wissens zu machen, dauern Jahrhunderte und aber Jahrhunderte an.  Am Ende, bis man die Erleuchtung erf\u00e4hrt, k\u00f6nnen die Worte des Buddha nicht verstanden werden, und selbst wenn man glaubt sie verstanden zu haben, kann es nicht sein, denn sie k\u00f6nnen mit dem Verstand nicht verstanden werden.<\/p><p>Die Wahrheit kann niemals durch Worte oder Schriften verstanden werden.<br \/>Es gibt Widerspr\u00fcche in unserem Sprechen und Schreiben.<\/p><p>Wenn wir zum Beispiel das Wort \"Apfel\" h\u00f6ren, sehen wir ein Bild von einem Apfel in unserem Kopf oder in unserem Herzen.<\/p><p>Die Worte, die auf ein wei\u00dfes Blatt Papier geschrieben sind, sind nicht der \"echte Apfel\", ebenso wenig wie die Worte, die durch den Atem ausgeatmet werden, oder das Bild, das im Herzen oder im Geist gezeichnet wird.<\/p><p>Wie der Begr\u00fcnder des Zen, Meister Dharma, sagte: \"Alles in der Welt kommt aus dem Geist\".\u00a0<\/p><p>Je pr\u00e4gnanter und klarer also die Frage nach der Erleuchtung wird, desto n\u00e4her ist sie der Antwort.<br \/>Wenn diese eine Frage (wer bin ich) in unserem Leben immer standhaft bleibt, wird es nicht schwer sein, die Antwort zu erkennen.<\/p><p>Buddha war nicht der Begr\u00fcnder von Erleuchtung; er war einer von vielen, die Erleuchtung oder das Sein, das schon immer da war, erkannt haben.<\/p><p>Buddha hatte nie behauptet, dass Erleuchtung etwas sei, das nur speziell ausgew\u00e4hlte buddhistische M\u00f6nche, die jahrelanges, strenges Training durchlaufen haben, erreichen k\u00f6nnen.<\/p><p>\"Erleuchtung\" im Sinne der Identifikation mit dem wahren Ich ist das Geburtsrecht von uns allen, unabh\u00e4ngig von der Religion.<\/p><p>Es gibt keinen bestimmten Weg, um Erleuchtung zu erlangen.<br \/>Vielmehr muss man nichts tun, gleichzeitig muss man auch nicht nichts tun.<br \/>Denn auch das Nichtstun ist ein Tun (der Versuch, nichts zu tun).<\/p><p>Wenn es einen Weg gibt, dann ist es einfach, die eigenen Gedanken und Meinungen loszulassen und dem Dharma-Gespr\u00e4ch zuzuh\u00f6ren.<\/p><p>Am besten h\u00f6rt man einem Dharma-Gespr\u00e4ch zu wie dem Regen.<br \/>Wenn der richtige Zeitpunkt gekommen ist, wird sich dein Geist wie eine bl\u00fchende Blume \u00f6ffnen, genau in dem Moment wenn du es am wenigsten erwartest.<\/p>\t\t\t\t\t\t<\/div>\n\t\t\t\t<\/div>\n\t\t\t\t\t<\/div>\n\t\t\t\t<\/div>\n\t\t<div class=\"elementor-element elementor-element-5452b18 e-flex e-con-boxed e-con e-parent\" data-id=\"5452b18\" data-element_type=\"container\" data-settings=\"{&quot;content_width&quot;:&quot;boxed&quot;}\" data-core-v316-plus=\"true\">\n\t\t\t\t\t<div class=\"e-con-inner\">\n\t\t\t\t<div class=\"elementor-element elementor-element-4c7a555 elementor-widget elementor-widget-spacer\" data-id=\"4c7a555\" data-element_type=\"widget\" data-widget_type=\"spacer.default\">\n\t\t\t\t<div class=\"elementor-widget-container\">\n\t\t\t\t\t<div class=\"elementor-spacer\">\n\t\t\t<div class=\"elementor-spacer-inner\"><\/div>\n\t\t<\/div>\n\t\t\t\t<\/div>\n\t\t\t\t<\/div>\n\t\t\t\t<div class=\"elementor-element elementor-element-dfb07b9 elementor-widget elementor-widget-spacer\" data-id=\"dfb07b9\" data-element_type=\"widget\" data-widget_type=\"spacer.default\">\n\t\t\t\t<div class=\"elementor-widget-container\">\n\t\t\t\t\t<div class=\"elementor-spacer\">\n\t\t\t<div class=\"elementor-spacer-inner\"><\/div>\n\t\t<\/div>\n\t\t\t\t<\/div>\n\t\t\t\t<\/div>\n\t\t\t\t\t<\/div>\n\t\t\t\t<\/div>\n\t\t\t\t\t\t\t<\/div>","protected":false},"excerpt":{"rendered":"<p>The Path No path that&#8217;s the path Enlightenment is so obvious and simple that people approach it in a difficult and profound way.Even for those who don&#8217;t go down the right path after realization, this can lead to many years of wandering in second thoughts. I often say that whatever it is you want to [&hellip;]<\/p>","protected":false},"author":1,"featured_media":0,"parent":0,"menu_order":0,"comment_status":"closed","ping_status":"closed","template":"","meta":{"site-sidebar-layout":"no-sidebar","site-content-layout":"page-builder","ast-site-content-layout":"full-width-container","site-content-style":"default","site-sidebar-style":"default","ast-global-header-display":"","ast-banner-title-visibility":"","ast-main-header-display":"","ast-hfb-above-header-display":"","ast-hfb-below-header-display":"","ast-hfb-mobile-header-display":"","site-post-title":"disabled","ast-breadcrumbs-content":"","ast-featured-img":"disabled","footer-sml-layout":"","theme-transparent-header-meta":"","adv-header-id-meta":"","stick-header-meta":"","header-above-stick-meta":"","header-main-stick-meta":"","header-below-stick-meta":"","astra-migrate-meta-layouts":"set","ast-page-background-enabled":"default","ast-page-background-meta":{"desktop":{"background-color":"var(--ast-global-color-4)","background-image":"","background-repeat":"repeat","background-position":"center center","background-size":"auto","background-attachment":"scroll","background-type":"","background-media":"","overlay-type":"","overlay-color":"","overlay-gradient":""},"tablet":{"background-color":"","background-image":"","background-repeat":"repeat","background-position":"center center","background-size":"auto","background-attachment":"scroll","background-type":"","background-media":"","overlay-type":"","overlay-color":"","overlay-gradient":""},"mobile":{"background-color":"","background-image":"","background-repeat":"repeat","background-position":"center center","background-size":"auto","background-attachment":"scroll","background-type":"","background-media":"","overlay-type":"","overlay-color":"","overlay-gradient":""}},"ast-content-background-meta":{"desktop":{"background-color":"var(--ast-global-color-5)","background-image":"","background-repeat":"repeat","background-position":"center center","background-size":"auto","background-attachment":"scroll","background-type":"","background-media":"","overlay-type":"","overlay-color":"","overlay-gradient":""},"tablet":{"background-color":"var(--ast-global-color-5)","background-image":"","background-repeat":"repeat","background-position":"center center","background-size":"auto","background-attachment":"scroll","background-type":"","background-media":"","overlay-type":"","overlay-color":"","overlay-gradient":""},"mobile":{"background-color":"var(--ast-global-color-5)","background-image":"","background-repeat":"repeat","background-position":"center center","background-size":"auto","background-attachment":"scroll","background-type":"","background-media":"","overlay-type":"","overlay-color":"","overlay-gradient":""}},"footnotes":""},"class_list":["post-2538","page","type-page","status-publish","hentry"],"_links":{"self":[{"href":"https:\/\/thisisseon.com\/de\/wp-json\/wp\/v2\/pages\/2538","targetHints":{"allow":["GET"]}}],"collection":[{"href":"https:\/\/thisisseon.com\/de\/wp-json\/wp\/v2\/pages"}],"about":[{"href":"https:\/\/thisisseon.com\/de\/wp-json\/wp\/v2\/types\/page"}],"author":[{"embeddable":true,"href":"https:\/\/thisisseon.com\/de\/wp-json\/wp\/v2\/users\/1"}],"replies":[{"embeddable":true,"href":"https:\/\/thisisseon.com\/de\/wp-json\/wp\/v2\/comments?post=2538"}],"version-history":[{"count":10,"href":"https:\/\/thisisseon.com\/de\/wp-json\/wp\/v2\/pages\/2538\/revisions"}],"predecessor-version":[{"id":2647,"href":"https:\/\/thisisseon.com\/de\/wp-json\/wp\/v2\/pages\/2538\/revisions\/2647"}],"wp:attachment":[{"href":"https:\/\/thisisseon.com\/de\/wp-json\/wp\/v2\/media?parent=2538"}],"curies":[{"name":"wp","href":"https:\/\/api.w.org\/{rel}","templated":true}]}}