{"id":2549,"date":"2024-02-23T10:58:17","date_gmt":"2024-02-23T15:58:17","guid":{"rendered":"https:\/\/thisisseon.com\/?page_id=2549"},"modified":"2024-02-26T10:44:44","modified_gmt":"2024-02-26T15:44:44","slug":"seon-zen","status":"publish","type":"page","link":"https:\/\/thisisseon.com\/de\/seon-zen\/","title":{"rendered":"Das Word"},"content":{"rendered":"<div data-elementor-type=\"wp-page\" data-elementor-id=\"2549\" class=\"elementor elementor-2549\">\n\t\t\t\t\t\t\t<div class=\"elementor-element elementor-element-5ee3213 e-flex e-con-boxed e-con e-parent\" data-id=\"5ee3213\" data-element_type=\"container\" data-settings=\"{&quot;background_background&quot;:&quot;gradient&quot;,&quot;content_width&quot;:&quot;boxed&quot;}\" data-core-v316-plus=\"true\">\n\t\t\t\t\t<div class=\"e-con-inner\">\n\t\t\t\t\t<\/div>\n\t\t\t\t<\/div>\n\t\t<div class=\"elementor-element elementor-element-ba1e081 e-flex e-con-boxed e-con e-parent\" data-id=\"ba1e081\" data-element_type=\"container\" data-settings=\"{&quot;content_width&quot;:&quot;boxed&quot;}\" data-core-v316-plus=\"true\">\n\t\t\t\t\t<div class=\"e-con-inner\">\n\t\t\t\t<div class=\"elementor-element elementor-element-c7d3c8b elementor-widget elementor-widget-spacer\" data-id=\"c7d3c8b\" data-element_type=\"widget\" data-widget_type=\"spacer.default\">\n\t\t\t\t<div class=\"elementor-widget-container\">\n\t\t\t<style>\/*! elementor - v3.18.0 - 20-12-2023 *\/\n.elementor-column .elementor-spacer-inner{height:var(--spacer-size)}.e-con{--container-widget-width:100%}.e-con-inner>.elementor-widget-spacer,.e-con>.elementor-widget-spacer{width:var(--container-widget-width,var(--spacer-size));--align-self:var(--container-widget-align-self,initial);--flex-shrink:0}.e-con-inner>.elementor-widget-spacer>.elementor-widget-container,.e-con>.elementor-widget-spacer>.elementor-widget-container{height:100%;width:100%}.e-con-inner>.elementor-widget-spacer>.elementor-widget-container>.elementor-spacer,.e-con>.elementor-widget-spacer>.elementor-widget-container>.elementor-spacer{height:100%}.e-con-inner>.elementor-widget-spacer>.elementor-widget-container>.elementor-spacer>.elementor-spacer-inner,.e-con>.elementor-widget-spacer>.elementor-widget-container>.elementor-spacer>.elementor-spacer-inner{height:var(--container-widget-height,var(--spacer-size))}.e-con-inner>.elementor-widget-spacer.elementor-widget-empty,.e-con>.elementor-widget-spacer.elementor-widget-empty{position:relative;min-height:22px;min-width:22px}.e-con-inner>.elementor-widget-spacer.elementor-widget-empty .elementor-widget-empty-icon,.e-con>.elementor-widget-spacer.elementor-widget-empty .elementor-widget-empty-icon{position:absolute;top:0;bottom:0;left:0;right:0;margin:auto;padding:0;width:22px;height:22px}<\/style>\t\t<div class=\"elementor-spacer\">\n\t\t\t<div class=\"elementor-spacer-inner\"><\/div>\n\t\t<\/div>\n\t\t\t\t<\/div>\n\t\t\t\t<\/div>\n\t\t\t\t\t<\/div>\n\t\t\t\t<\/div>\n\t\t<div class=\"elementor-element elementor-element-ffec063 e-flex e-con-boxed e-con e-parent\" data-id=\"ffec063\" data-element_type=\"container\" data-settings=\"{&quot;content_width&quot;:&quot;boxed&quot;}\" data-core-v316-plus=\"true\">\n\t\t\t\t\t<div class=\"e-con-inner\">\n\t\t\t\t<div class=\"elementor-element elementor-element-ec56763 elementor-widget__width-initial elementor-widget elementor-widget-heading\" data-id=\"ec56763\" data-element_type=\"widget\" data-widget_type=\"heading.default\">\n\t\t\t\t<div class=\"elementor-widget-container\">\n\t\t\t<style>\/*! elementor - v3.18.0 - 20-12-2023 *\/\n.elementor-heading-title{padding:0;margin:0;line-height:1}.elementor-widget-heading .elementor-heading-title[class*=elementor-size-]>a{color:inherit;font-size:inherit;line-height:inherit}.elementor-widget-heading .elementor-heading-title.elementor-size-small{font-size:15px}.elementor-widget-heading .elementor-heading-title.elementor-size-medium{font-size:19px}.elementor-widget-heading .elementor-heading-title.elementor-size-large{font-size:29px}.elementor-widget-heading .elementor-heading-title.elementor-size-xl{font-size:39px}.elementor-widget-heading .elementor-heading-title.elementor-size-xxl{font-size:59px}<\/style><h2 class=\"elementor-heading-title elementor-size-default\">Das Word<\/h2>\t\t<\/div>\n\t\t\t\t<\/div>\n\t\t\t\t<div class=\"elementor-element elementor-element-c67b89d elementor-widget__width-initial elementor-widget elementor-widget-heading\" data-id=\"c67b89d\" data-element_type=\"widget\" data-widget_type=\"heading.default\">\n\t\t\t\t<div class=\"elementor-widget-container\">\n\t\t\t<h1 class=\"elementor-heading-title elementor-size-small\">Seon = Zen = Geist<\/h1>\t\t<\/div>\n\t\t\t\t<\/div>\n\t\t\t\t\t<\/div>\n\t\t\t\t<\/div>\n\t\t<div class=\"elementor-element elementor-element-10ac75e e-flex e-con-boxed e-con e-parent\" data-id=\"10ac75e\" data-element_type=\"container\" data-settings=\"{&quot;content_width&quot;:&quot;boxed&quot;}\" data-core-v316-plus=\"true\">\n\t\t\t\t\t<div class=\"e-con-inner\">\n\t\t\t\t<div class=\"elementor-element elementor-element-e3cfc2d elementor-widget__width-initial elementor-widget elementor-widget-text-editor\" data-id=\"e3cfc2d\" data-element_type=\"widget\" data-widget_type=\"text-editor.default\">\n\t\t\t\t<div class=\"elementor-widget-container\">\n\t\t\t<style>\/*! elementor - v3.18.0 - 20-12-2023 *\/\n.elementor-widget-text-editor.elementor-drop-cap-view-stacked .elementor-drop-cap{background-color:#69727d;color:#fff}.elementor-widget-text-editor.elementor-drop-cap-view-framed .elementor-drop-cap{color:#69727d;border:3px solid;background-color:transparent}.elementor-widget-text-editor:not(.elementor-drop-cap-view-default) .elementor-drop-cap{margin-top:8px}.elementor-widget-text-editor:not(.elementor-drop-cap-view-default) .elementor-drop-cap-letter{width:1em;height:1em}.elementor-widget-text-editor .elementor-drop-cap{float:left;text-align:center;line-height:1;font-size:50px}.elementor-widget-text-editor .elementor-drop-cap-letter{display:inline-block}<\/style>\t\t\t\t<p>Der koreanische Name f\u00fcr Zen, wie wir ihn gemeinhin kennen, ist Seon.<\/p><p>Um einige der Missverst\u00e4ndnisse \u00fcber den urspr\u00fcnglichen Namen Zen auszur\u00e4umen, werden wir uns auf den koreanischen Namen Seon beziehen.<\/p><p>Zum Beispiel wurde Zen f\u00e4lschlicherweise als etwas angesehen, das hart arbeitenden Asketen geh\u00f6rt, die ihr Leben aufgegeben haben, und das weit vom t\u00e4glichen Leben der gew\u00f6hnlichen Menschen entfernt ist, und Seons Ziel, die Erleuchtung, wurde auf eine schwierige Aufgabe reduziert, die f\u00fcr gew\u00f6hnliche Menschen unerreichbar ist, und seine Bedeutung wurde von unerleuchteten buddhistischen M\u00f6nchen und ihren intellektuellen Anh\u00e4ngern stark ver\u00e4ndert, die es mit einer blo\u00dfen Disziplin verwechselten.<\/p><p>Um es klar zu sagen: Unsere Natur ist nicht etwas, das man erlernen, von besonderen M\u00e4chten erbetteln oder von au\u00dfen suchen muss, sie ist unser Geburtsrecht.<\/p><p>Erleuchtung wird nicht durch Meditation oder irgendeine Form von Praxis gefunden, noch kann sie verdient werden.<\/p><p>Wenn jemand behauptet, dass er dir Erleuchtung geben kann oder dass er eine geheime Formel hat, f\u00fchrt er alle um sich herum auf eine schiefe Bahn, nicht nur sich selbst.<\/p><p>Alle buddhistischen Praktiken, einschlie\u00dflich der Meditation, sind wie Medikamente, die f\u00fcr eine begrenzte Zeit Trost spenden und uns erlauben, mit unserem Leben weiterzumachen, aber nicht die Probleme unserer Natur l\u00f6sen.<\/p><p>Es ist klar, dass Buddha \"der Erwachte\" bedeutet und der Buddhismus die \"Religion des Erwachens\" ist.<\/p><p>Historisch gesehen ist der Begr\u00fcnder des Seon (Zen) Bodhi-Dharma aus dem Shaolin-Tempel in China.<\/p><p>Bodhi-Dharma ist der 28. Patriarch des Buddhismus, der den Dharma vom Buddha erhalten hat und der Begr\u00fcnder des Seon (Zen) ist.<\/p><p>Deshalb ging ich 1994 aus einer Laune heraus zum Shaolin-Tempel in China, um einen Lehrer des Seon zu finden.<\/p><p>Der Seon-(Zen-)Buddhismus unterscheidet sich vom Buddhismus dadurch, dass er sich Seon (Zen) nennt, w\u00e4hrend der traditionelle Buddhismus Dharma genannt wird.<\/p><p>Daher wird gesagt, dass Gyo (Religion) die Worte des Buddha und Seon der Geist des Buddha ist.<\/p><p>Wenn der Buddhismus die Erschaffung und das Studium der Sutras ist, der Sammlung der Worte des Buddha, die zur Erleuchtung f\u00fchren, dann ist Seon die \u00dcbertragung der Erleuchtung des Buddha von Geist zu Geist, wie sie durch viele Seon-Meister im Laufe der Geschichte bis zum heutigen Tag weitergegeben wurde.<\/p><p>Wenn wir von den Eigenschaften des Seon in diesem Sinne sprechen, beziehen wir uns gew\u00f6hnlich auf unstrukturierte Texte, unstrukturierte \u00dcbertragung, \u00dcbertragung von Herz zu Herz, gerades Zeigen und gerades Sehen.<\/p><p>Was ist es, das vollst\u00e4ndig von Herz zu Herz \u00fcbertragen wird?<\/p><p>Es ist die Erleuchtung des Buddha, der erleuchtete Geist.<\/p><p>Das ultimative Ziel des Buddhismus ist es, den Geist vom Leiden zu befreien, indem wir unsere wahre Natur erkennen.<\/p>\t\t\t\t\t\t<\/div>\n\t\t\t\t<\/div>\n\t\t\t\t\t<\/div>\n\t\t\t\t<\/div>\n\t\t\t\t\t\t\t<\/div>","protected":false},"excerpt":{"rendered":"<p>The Word Seon = Zen = Mind The Korean name for Zen as we commonly know it is Seon. To clear up some of the misconceptions about the original name, Zen, we\u2019ll refer to it by its Korean name, Seon. For example, Zen has been mistakenly perceived as something that belongs to hard-working ascetics who [&hellip;]<\/p>","protected":false},"author":1,"featured_media":0,"parent":0,"menu_order":0,"comment_status":"closed","ping_status":"closed","template":"","meta":{"site-sidebar-layout":"no-sidebar","site-content-layout":"page-builder","ast-site-content-layout":"full-width-container","site-content-style":"default","site-sidebar-style":"default","ast-global-header-display":"","ast-banner-title-visibility":"","ast-main-header-display":"","ast-hfb-above-header-display":"","ast-hfb-below-header-display":"","ast-hfb-mobile-header-display":"","site-post-title":"disabled","ast-breadcrumbs-content":"","ast-featured-img":"disabled","footer-sml-layout":"","theme-transparent-header-meta":"","adv-header-id-meta":"","stick-header-meta":"","header-above-stick-meta":"","header-main-stick-meta":"","header-below-stick-meta":"","astra-migrate-meta-layouts":"set","ast-page-background-enabled":"default","ast-page-background-meta":{"desktop":{"background-color":"var(--ast-global-color-4)","background-image":"","background-repeat":"repeat","background-position":"center center","background-size":"auto","background-attachment":"scroll","background-type":"","background-media":"","overlay-type":"","overlay-color":"","overlay-gradient":""},"tablet":{"background-color":"","background-image":"","background-repeat":"repeat","background-position":"center center","background-size":"auto","background-attachment":"scroll","background-type":"","background-media":"","overlay-type":"","overlay-color":"","overlay-gradient":""},"mobile":{"background-color":"","background-image":"","background-repeat":"repeat","background-position":"center center","background-size":"auto","background-attachment":"scroll","background-type":"","background-media":"","overlay-type":"","overlay-color":"","overlay-gradient":""}},"ast-content-background-meta":{"desktop":{"background-color":"var(--ast-global-color-5)","background-image":"","background-repeat":"repeat","background-position":"center center","background-size":"auto","background-attachment":"scroll","background-type":"","background-media":"","overlay-type":"","overlay-color":"","overlay-gradient":""},"tablet":{"background-color":"var(--ast-global-color-5)","background-image":"","background-repeat":"repeat","background-position":"center center","background-size":"auto","background-attachment":"scroll","background-type":"","background-media":"","overlay-type":"","overlay-color":"","overlay-gradient":""},"mobile":{"background-color":"var(--ast-global-color-5)","background-image":"","background-repeat":"repeat","background-position":"center center","background-size":"auto","background-attachment":"scroll","background-type":"","background-media":"","overlay-type":"","overlay-color":"","overlay-gradient":""}},"footnotes":""},"class_list":["post-2549","page","type-page","status-publish","hentry"],"_links":{"self":[{"href":"https:\/\/thisisseon.com\/de\/wp-json\/wp\/v2\/pages\/2549","targetHints":{"allow":["GET"]}}],"collection":[{"href":"https:\/\/thisisseon.com\/de\/wp-json\/wp\/v2\/pages"}],"about":[{"href":"https:\/\/thisisseon.com\/de\/wp-json\/wp\/v2\/types\/page"}],"author":[{"embeddable":true,"href":"https:\/\/thisisseon.com\/de\/wp-json\/wp\/v2\/users\/1"}],"replies":[{"embeddable":true,"href":"https:\/\/thisisseon.com\/de\/wp-json\/wp\/v2\/comments?post=2549"}],"version-history":[{"count":10,"href":"https:\/\/thisisseon.com\/de\/wp-json\/wp\/v2\/pages\/2549\/revisions"}],"predecessor-version":[{"id":2656,"href":"https:\/\/thisisseon.com\/de\/wp-json\/wp\/v2\/pages\/2549\/revisions\/2656"}],"wp:attachment":[{"href":"https:\/\/thisisseon.com\/de\/wp-json\/wp\/v2\/media?parent=2549"}],"curies":[{"name":"wp","href":"https:\/\/api.w.org\/{rel}","templated":true}]}}